{"id":23981,"date":"2017-06-22T11:20:16","date_gmt":"2017-06-22T10:20:16","guid":{"rendered":"https:\/\/dev.optiweb.com\/about-us\/zaposlitev\/"},"modified":"2019-09-23T12:32:01","modified_gmt":"2019-09-23T12:32:01","slug":"zaposlitev","status":"publish","type":"page","link":"https:\/\/dev.optiweb.com\/sl\/o-nas\/zaposlitev\/","title":{"rendered":"Zaposlitev"},"content":{"rendered":"<div id='av_section_1'  class='avia-section main_color avia-section-default avia-no-shadow avia-bg-style-scroll  avia-builder-el-0  el_before_av_layout_row  avia-builder-el-first  headertitle  container_wrap fullsize' style='background-repeat: no-repeat; background-image: url(https:\/\/dev.optiweb.com\/wp-content\/uploads\/2018\/01\/zaposlitev-1.jpg);background-attachment: scroll; background-position: top left;  '  data-section-bg-repeat='no-repeat'><div class='container' ><main  role=\"main\" itemprop=\"mainContentOfPage\"  class='template-page content  av-content-full alpha units'><div class='post-entry post-entry-type-page post-entry-23981'><div class='entry-content-wrapper clearfix'>\n<section class=\"av_textblock_section \"  itemscope=\"itemscope\" itemtype=\"https:\/\/schema.org\/CreativeWork\" ><div class='avia_textblock tablecell '   itemprop=\"text\" ><h1>Slu\u017eba,<br \/>\n<strong>vredna dela<\/strong><\/h1>\n<\/div><\/section>\n\n<\/div><\/div><\/main><!-- close content main element --><\/div><\/div><div id='av-layout-grid-1'  class='av-layout-grid-container entry-content-wrapper main_color av-flex-cells     avia-builder-el-2  el_after_av_section  el_before_av_layout_row  textimgsection imgright praksaimgsec submenu-not-first container_wrap fullsize' style=' '  >\n<div class=\"flex_cell no_margin av_two_fifth  avia-builder-el-3  el_before_av_cell_three_fifth  avia-builder-el-first   av-zero-padding \" style='vertical-align:top; padding:0px; '><div class='flex_cell_inner' ><section class=\"av_textblock_section \"  itemscope=\"itemscope\" itemtype=\"https:\/\/schema.org\/CreativeWork\" ><div class='avia_textblock  '   itemprop=\"text\" ><h2>Ve\u010d kot le<br \/>\n<strong>zaposlitev<\/strong><\/h2>\n<\/div><\/section><br \/>\n<section class=\"av_textblock_section \"  itemscope=\"itemscope\" itemtype=\"https:\/\/schema.org\/CreativeWork\" ><div class='avia_textblock  '   itemprop=\"text\" ><p>Ne verjamemo v tistih monotonih 8 ur, ki mu nekateri pravijo slu\u017eba. Verjamemo pa v osebnostno rast, v premikanje mej in sanjsko kariero \u2013 predvsem pa v kulturo, ki nas vsak dan zbli\u017euje in s katero vsak lahko oblikuje pot in razvoj celotnega podjetja.<\/p>\n<\/div><\/section><\/p>\n<\/div><\/div><div class=\"flex_cell no_margin av_three_fifth  avia-builder-el-6  el_after_av_cell_two_fifth  avia-builder-el-last   av-zero-padding \" style='vertical-align:top; padding:0px; '><div class='flex_cell_inner' ><p><div  class='avia-image-container  av-styling-    avia-builder-el-7  el_before_av_textblock  avia-builder-el-first  avia-align-center '  itemprop=\"image\" itemscope=\"itemscope\" itemtype=\"https:\/\/schema.org\/ImageObject\"  ><div class='avia-image-container-inner'><div class='avia-image-overlay-wrap'><img class='avia_image' src='https:\/\/dev.optiweb.com\/wp-content\/uploads\/2019\/09\/3-Careers-1-More-than-just-a-job_DSC2954-1030x709.jpg' alt='' title='3 Careers - 1 More than just a job_DSC2954' height=\"709\" width=\"1030\"  itemprop=\"thumbnailUrl\"  \/><\/div><\/div><\/div><br \/>\n<section class=\"av_textblock_section \"  itemscope=\"itemscope\" itemtype=\"https:\/\/schema.org\/CreativeWork\" ><div class='avia_textblock blueblock '   itemprop=\"text\" ><p>Med nami se pretakajo pozitivna energija, nore ideje in v\u010dasih tudi kak\u0161no pivo.<\/p>\n<\/div><\/section><\/p>\n<\/div><\/div><\/div><div id='razlogi'  class='av-layout-grid-container entry-content-wrapper main_color av-flex-cells     avia-builder-el-9  el_after_av_layout_row  el_before_av_layout_row  textimgsection imgleft submenu-not-first container_wrap fullsize' style=' '  >\n<div class=\"flex_cell no_margin av_three_fifth  avia-builder-el-10  el_before_av_cell_two_fifth  avia-builder-el-first  razlogi-slider  av-zero-padding \" style='vertical-align:top; padding:0px; '><div class='flex_cell_inner' ><section class=\"av_textblock_section \"  itemscope=\"itemscope\" itemtype=\"https:\/\/schema.org\/CreativeWork\" ><div class='avia_textblock  '   itemprop=\"text\" ><div class=\"slikerazlogi\"><div class=\"posameznaslika\"><img src=\"https:\/\/dev.optiweb.com\/wp-content\/uploads\/2018\/01\/1.jpg\"><\/div><div class=\"posameznaslika\"><img src=\"https:\/\/dev.optiweb.com\/wp-content\/uploads\/2018\/01\/3.jpg\"><\/div><div class=\"posameznaslika\"><img src=\"https:\/\/dev.optiweb.com\/wp-content\/uploads\/2018\/01\/2.jpg\"><\/div><div class=\"posameznaslika\"><img src=\"https:\/\/dev.optiweb.com\/wp-content\/uploads\/2018\/01\/sladkarije.jpg\"><\/div><div class=\"posameznaslika\"><img src=\"https:\/\/dev.optiweb.com\/wp-content\/uploads\/2018\/01\/4.jpg\"><\/div><div class=\"posameznaslika\"><img src=\"https:\/\/dev.optiweb.com\/wp-content\/uploads\/2018\/01\/5.jpg\"><\/div><\/div>\n<\/div><\/section>\n<\/div><\/div><div class=\"flex_cell no_margin av_two_fifth  avia-builder-el-12  el_after_av_cell_three_fifth  avia-builder-el-last   av-zero-padding \" style='vertical-align:top; padding:0px; '><div class='flex_cell_inner' ><section class=\"av_textblock_section \"  itemscope=\"itemscope\" itemtype=\"https:\/\/schema.org\/CreativeWork\" ><div class='avia_textblock  '   itemprop=\"text\" ><h2>6 razlogov<br \/>\n<strong>Za<\/strong><\/h2>\n<\/div><\/section><br \/>\n<section class=\"av_textblock_section \"  itemscope=\"itemscope\" itemtype=\"https:\/\/schema.org\/CreativeWork\" ><div class='avia_textblock  '   itemprop=\"text\" ><div class=\"textirazlogi\"><div class=\"posamezentext\"><div class=\"counttext\"><div class=\"numberslider\"><strong>1<\/strong><strong>2<\/strong><strong>3<\/strong><strong>4<\/strong><strong>5<\/strong><strong>6<\/strong><\/div>\/6<\/div><div class=\"wrapvprasanjeodgovor\"><div class=\"poasmezenvprasanjeodgovor\"><div class=\"razlogtextnaslov\">Slavimo razvoj<\/div><div class=\"razlogtext\"><p>Trdno verjamemo v ve\u010dno u\u010denje in nadgrajevanje tistega dela, ki prebudi metulj\u010dke v tvojem trebuhu! Redno te bomo vklju\u010devali v izobra\u017eevanja in delavnice po tvoji izbiri in ti postavljali nove izzive \u2013 doma ali \u010dez mejo.<\/p>\n<\/div><\/div><div class=\"poasmezenvprasanjeodgovor\"><div class=\"razlogtextnaslov\">Ni\u010dkaj gorenjska kuhinja<\/div><div class=\"razlogtext\"><p>Vemo, da velike ideje zahtevajo \u0161e ve\u010dji apetit, zato ima na\u0161a kuhinja vedno polne omarice in tople \u0161tedilnike.<\/p>\n<\/div><\/div><div class=\"poasmezenvprasanjeodgovor\"><div class=\"razlogtextnaslov\">Vsak po svoje<\/div><div class=\"razlogtext\"><p>Gledamo predvsem na kvaliteto tvojega dela, ne pa na \u0161tevilo ur, ki jih pre\u017eivi\u0161 v pisarni.  Verjamemo, da dobro pozna\u0161 svoje delovne navade, zato ti pustimo, da si urnik organizira\u0161 po svoje.<\/p>\n<\/div><\/div><div class=\"poasmezenvprasanjeodgovor\"><div class=\"razlogtextnaslov\">Sladke ugodnosti<\/div><div class=\"razlogtext\"><p>Za dobro opravljanje dela ti pripadajo nepogre\u0161ljive tehni\u010dne \u201cigra\u010de\u201d in pripomo\u010dki, pa tudi za rojstni dan obljubimo, da te bomo vsi pustili pri miru - saj ima\u0161 vendar pla\u010dan dopust. <\/p>\n<\/div><\/div><div class=\"poasmezenvprasanjeodgovor\"><div class=\"razlogtextnaslov\">Radi se dru\u017eimo<\/div><div class=\"razlogtext\"><p>Misli zdru\u017eujemo ob skupnih malicah, dru\u017eabnih igrah in ob\u010dasnem pivu, s pikniki in dru\u017eenji v naravi pa redno preverjamo tudi kuharske sposobnosti sodelavcev.<\/p>\n<\/div><\/div><div class=\"poasmezenvprasanjeodgovor\"><div class=\"razlogtextnaslov\">Za dober tim \u2013 delim<\/div><div class=\"razlogtext\"><p>Vse nagrade in izkupi\u010dke, ki jih dobimo za svoje uspe\u0161no delo, razdelimo med \u010dlane ekipe; le skupaj namre\u010d delujemo tako ubrano, kot je treba.<\/p>\n<\/div><\/div><\/div><\/div><\/div>\n<\/div><\/section><\/p>\n<\/div><\/div>\n<\/div><\/p>\n<div id='zaposlitev'  class='av-layout-grid-container entry-content-wrapper main_color av-flex-cells     avia-builder-el-15  el_after_av_layout_row  el_before_av_section  textimgsection imgright submenu-not-first container_wrap fullsize' style=' '  >\n<div class=\"flex_cell no_margin av_two_fifth  avia-builder-el-16  el_before_av_cell_three_fifth  avia-builder-el-first   av-zero-padding \" style='vertical-align:top; padding:0px; '><div class='flex_cell_inner' ><section class=\"av_textblock_section \"  itemscope=\"itemscope\" itemtype=\"https:\/\/schema.org\/CreativeWork\" ><div class='avia_textblock  '   itemprop=\"text\" ><h2>Se vidi\u0161 med<br \/>\n<strong>nami?<\/strong><\/h2>\n<\/div><\/section><br \/>\n<section class=\"av_textblock_section \"  itemscope=\"itemscope\" itemtype=\"https:\/\/schema.org\/CreativeWork\" ><div class='avia_textblock  '   itemprop=\"text\" ><div class=\"delovnamestawrap\"><div class=\"delovnamestalist\"><div class=\"delmestatext\"><p>Projektov je veliko, manjka pa nam \u0161e nekaj pridnih rok, ki jih bodo lahko uresni\u010dile in tako izbolj\u0161ale spletni svet.<\/p>\n<\/div><div class=\"delmestalinks\"><div class=\"wraplink\"><a href=\"https:\/\/optiweb.recruitee.com\/o\/midsenior-uxui-designer\" target=\"_blank\" rel=\"noopener\">Mid\/senior UX\/UI oblikovalec<\/a><\/div><div class=\"wraplink\"><a href=\"https:\/\/optiweb.recruitee.com\/o\/advertising-specialist\" target=\"_blank\" rel=\"noopener\">Senior manager v digitalnem ogla\u0161evanju<\/a><\/div><div class=\"wraplink\"><a href=\"https:\/\/optiweb.recruitee.com\/o\/digital-strategist\" target=\"_blank\" rel=\"noopener\">Digitalni strateg<\/a><\/div><div class=\"wraplink\"><a href=\"https:\/\/optiweb.recruitee.com\/o\/digital-marketing-project-manager\" target=\"_blank\" rel=\"noopener\">Vodja projektov v digitalnem marketingu<\/a><\/div><div class=\"wraplink\"><a href=\"https:\/\/optiweb.recruitee.com\/o\/backend-developer\" target=\"_blank\" rel=\"noopener\">Senior Full Stack In\u017eenir<\/a><\/div><\/div><\/div><div class=\"praksalinkwrap\"><a href=\"https:\/\/optiweb.recruitee.com\/o\/apply-for-our-talent-pool-or-internship\">Prijavite se v na\u0161 bazen talentov<\/a><\/div><\/div>\n<\/div><\/section><\/p>\n<\/div><\/div><div class=\"flex_cell no_margin av_three_fifth  overlayedimg invalid-custom-class-found  av-zero-padding \" style='vertical-align:top; padding:0px; '><div class='flex_cell_inner' ><div  class='avia-image-container  av-styling-    avia-align-center '  itemprop=\"image\" itemscope=\"itemscope\" itemtype=\"https:\/\/schema.org\/ImageObject\"  ><div class='avia-image-container-inner'><div class='avia-image-overlay-wrap'><img class='avia_image' src='https:\/\/dev.optiweb.com\/wp-content\/uploads\/2018\/02\/delovno-mesto.jpg' alt='' title='delovno-mesto' height=\"1631\" width=\"2060\"  itemprop=\"thumbnailUrl\"  \/><\/div><\/div><\/div>\n<\/div><\/div>\n<\/div>\n<\/div><\/div><\/div><!-- close content main div --><\/div><\/div><div id='av_section_2'  class='avia-section main_color avia-section-default avia-no-shadow avia-bg-style-scroll  quotesection  av-minimum-height av-minimum-height-custom  container_wrap fullsize' style='background-repeat: no-repeat; background-image: url(https:\/\/dev.optiweb.com\/wp-content\/uploads\/2019\/09\/Urska-web-1.jpg);background-attachment: scroll; background-position: center right;  '  data-section-bg-repeat='no-repeat'><div class='container' style='height:670px'><div class='template-page content  av-content-full alpha units'><div class='post-entry post-entry-type-page post-entry-23981'><div class='entry-content-wrapper clearfix'>\n<div class=\"flex_column av_three_fifth  flex_column_div av-zero-column-padding first  \" style='border-radius:0px; '><p><section class=\"av_textblock_section \"  itemscope=\"itemscope\" itemtype=\"https:\/\/schema.org\/CreativeWork\" ><div class='avia_textblock quote '   itemprop=\"text\" ><p>V Optiwebu nismo ponosni samo na uspe\u0161no izpeljane projekte, ampak tudi na kulturo, ki jo skupaj gradimo. Pripravljenost na pomo\u010d, deljenje znanja in ekipni duh so samo nekatere vrline, na katere smo ponosni. \u010ce te vrline opisujejo tudi tebe, se bo\u0161 med nami zagotovo dobro zna\u0161el\/a.<\/p>\n<\/div><\/section><br \/>\n<section class=\"av_textblock_section \"  itemscope=\"itemscope\" itemtype=\"https:\/\/schema.org\/CreativeWork\" ><div class='avia_textblock quoteauthor '   itemprop=\"text\" ><p><strong>Ur\u0161ka Stanovnik<\/strong><br \/>\nMened\u017eerka za sre\u010do<\/p>\n<\/div><\/section><\/p><\/div>\n\n<\/div><\/div><\/div><!-- close content main div --><\/div><\/div><div id='av_section_3'  class='avia-section main_color avia-section-default avia-no-shadow avia-bg-style-scroll  relatedposts rppage  container_wrap fullsize' style=' '  ><div class='container' ><div class='template-page content  av-content-full alpha units'><div class='post-entry post-entry-type-page post-entry-23981'><div class='entry-content-wrapper clearfix'>\n<section class=\"av_textblock_section \"  itemscope=\"itemscope\" itemtype=\"https:\/\/schema.org\/CreativeWork\" ><div class='avia_textblock quoteauthor '   itemprop=\"text\" ><h3>O zaposlitvi v podjetju<\/h3>\n<div class=\"relatedblog\"><div class=\"av_one_half\"><a href=\"https:\/\/dev.optiweb.com\/sl\/blog\/agilni-pristop\/\"><div class=\"relatedimage\" style=\"background-image:url(https:\/\/dev.optiweb.com\/wp-content\/uploads\/2017\/04\/clanek_velika-1024x362.png); background-color:#8fc95c\"><\/div><\/a><div class=\"postmeta\"><div class=\"blogauthimg\" style=\"background-image:url(https:\/\/dev.optiweb.com\/wp-content\/uploads\/2017\/12\/Natasa-134x134.jpg);\"><\/div><span class=\"author_name\">Nata\u0161a Ravnikar<\/span><span class=\"postdate\">12.04.2017<\/span><span class=\"categories\"><a href=\"https:\/\/dev.optiweb.com\/sl\/blog-category\/optilajf\/\">Optilajf<\/a><\/span><\/div><h4><a href=\"https:\/\/dev.optiweb.com\/sl\/blog\/agilni-pristop\/\">Akcija\u2013reakcija ali o tem, kako agilno delujemo Optiwebovci<\/a><\/h4><div class=\"postexcerpt\">Naj bo svet \u0161e tako hiter in nasi\u010den; s pravim pristopom do napak, komunikacije in sprememb lahko vedno ohranimo svojo prednost pred drugimi. V tokratnem \u010dlanku zato opisujemo, kako to dosegamo mi.<\/div><a href=\"https:\/\/dev.optiweb.com\/sl\/blog\/agilni-pristop\/\" class=\"rmbtn\">Preberi prispevek<\/a><\/div><div class=\"av_one_half\"><a href=\"https:\/\/dev.optiweb.com\/sl\/blog\/kava-z-direktorjem-kot-boljsa-alternativa-letnim-razgovorom\/\"><div class=\"relatedimage\" style=\"background-image:url(https:\/\/dev.optiweb.com\/wp-content\/uploads\/2017\/03\/kava_blognaslovna.png); background-color:#f7f398\"><\/div><\/a><div class=\"postmeta\"><div class=\"blogauthimg\" style=\"background-image:url(https:\/\/dev.optiweb.com\/wp-content\/uploads\/2017\/12\/Miha-134x134.jpg);\"><\/div><span class=\"author_name\">Miha Lavtar<\/span><span class=\"postdate\">30.03.2017<\/span><span class=\"categories\"><a href=\"https:\/\/dev.optiweb.com\/sl\/blog-category\/optilajf\/\">Optilajf<\/a><\/span><\/div><h4><a href=\"https:\/\/dev.optiweb.com\/sl\/blog\/kava-z-direktorjem-kot-boljsa-alternativa-letnim-razgovorom\/\">Kava z direktorjem kot bolj\u0161a alternativa letnim razgovorom<\/a><\/h4><div class=\"postexcerpt\">V Optiwebu smo letni razgovor zamenjali kar za kavo z direktorjem. Ob njej znamo, kljub resni tematiki, ohraniti spro\u0161\u010deno in pozitivno vzdu\u0161je ter tako ohraniti dobre odnose med nami. Kako nam to uspe, pa si preberi v \u010dlanku.<\/div><a href=\"https:\/\/dev.optiweb.com\/sl\/blog\/kava-z-direktorjem-kot-boljsa-alternativa-letnim-razgovorom\/\" class=\"rmbtn\">Preberi prispevek<\/a><\/div><\/div>\n<\/div><\/section>\n\n","protected":false},"excerpt":{"rendered":"","protected":false},"author":1,"featured_media":0,"parent":23961,"menu_order":0,"comment_status":"closed","ping_status":"closed","template":"template-onas.php","meta":[],"_links":{"self":[{"href":"https:\/\/dev.optiweb.com\/sl\/wp-json\/wp\/v2\/pages\/23981"}],"collection":[{"href":"https:\/\/dev.optiweb.com\/sl\/wp-json\/wp\/v2\/pages"}],"about":[{"href":"https:\/\/dev.optiweb.com\/sl\/wp-json\/wp\/v2\/types\/page"}],"author":[{"embeddable":true,"href":"https:\/\/dev.optiweb.com\/sl\/wp-json\/wp\/v2\/users\/1"}],"replies":[{"embeddable":true,"href":"https:\/\/dev.optiweb.com\/sl\/wp-json\/wp\/v2\/comments?post=23981"}],"version-history":[{"count":9,"href":"https:\/\/dev.optiweb.com\/sl\/wp-json\/wp\/v2\/pages\/23981\/revisions"}],"predecessor-version":[{"id":35201,"href":"https:\/\/dev.optiweb.com\/sl\/wp-json\/wp\/v2\/pages\/23981\/revisions\/35201"}],"up":[{"embeddable":true,"href":"https:\/\/dev.optiweb.com\/sl\/wp-json\/wp\/v2\/pages\/23961"}],"wp:attachment":[{"href":"https:\/\/dev.optiweb.com\/sl\/wp-json\/wp\/v2\/media?parent=23981"}],"curies":[{"name":"wp","href":"https:\/\/api.w.org\/{rel}","templated":true}]}}