{"id":23991,"date":"2017-04-07T09:42:51","date_gmt":"2017-04-07T08:42:51","guid":{"rendered":"https:\/\/dev.optiweb.com\/contact-us\/"},"modified":"2019-11-18T07:33:15","modified_gmt":"2019-11-18T07:33:15","slug":"spoznajmo-se","status":"publish","type":"page","link":"https:\/\/dev.optiweb.com\/sl\/spoznajmo-se\/","title":{"rendered":"Contact us"},"content":{"rendered":"<div id='av_section_1'  class='avia-section main_color avia-section-default avia-no-shadow avia-bg-style-scroll  avia-builder-el-0  el_before_av_section  avia-builder-el-first  headertitle kontaktheader  container_wrap fullsize' style='background-repeat: no-repeat; background-image: url(https:\/\/dev.optiweb.com\/wp-content\/uploads\/2019\/09\/4-Contact-Us-1-Heroimage_DSC8383.jpg);background-attachment: scroll; background-position: top left;  '  data-section-bg-repeat='no-repeat'><div class='container' ><main  role=\"main\" itemprop=\"mainContentOfPage\"  class='template-page content  av-content-full alpha units'><div class='post-entry post-entry-type-page post-entry-23991'><div class='entry-content-wrapper clearfix'>\n<section class=\"av_textblock_section \"  itemscope=\"itemscope\" itemtype=\"https:\/\/schema.org\/CreativeWork\" ><div class='avia_textblock tablecell '   itemprop=\"text\" ><h2>Spoznajmo <strong>se<\/strong><\/h2>\n<\/div><\/section>\n\n<\/div><\/div><\/main><!-- close content main element --><\/div><\/div><div id='kontaktirajte-nas'  class='avia-section main_color avia-section-default avia-no-shadow avia-bg-style-scroll  avia-builder-el-2  el_after_av_section  el_before_av_layout_row   container_wrap fullsize' style=' '  ><div class='container' ><div class='template-page content  av-content-full alpha units'><div class='post-entry post-entry-type-page post-entry-23991'><div class='entry-content-wrapper clearfix'>\n<div class=\"flex_column av_one_full  flex_column_div av-zero-column-padding first  avia-builder-el-3  avia-builder-el-no-sibling  \" style='border-radius:0px; '><section class=\"av_textblock_section \"  itemscope=\"itemscope\" itemtype=\"https:\/\/schema.org\/CreativeWork\" ><div class='avia_textblock  '   itemprop=\"text\" ><div class=\"entry-content-wrapper clearfix kontakt-polovice\"><div class=\"flex_column av_one_half zprojekta flex_column_div av-zero-column-padding first  avia-builder-el-6  el_after_av_one_half avia-builder-el-first avia-builder-el-last  \" style=\"border-radius:0px; \"><a class=\"av_textblock_section\" href=\"https:\/\/dev.optiweb.com\/sl\/zacnimo-projekt\/\" itemscope=\"itemscope\" itemtype=\"https:\/\/schema.org\/CreativeWork\"><div class=\"avia_textblock \" itemprop=\"text\"><h2>Za\u010dnimo projekt!<\/h2>\n<p>Potrebujete sve\u017e spletni pristop<br \/>\nza svoje podjetje?<\/p>\n<p>Dela bo veliko, zato kar za\u010dnimo!<\/p>\n<span class=\"linkctazacnimo zacnimo-levi\">Izpolnite vpra\u0161alnik<\/span><\/div><\/a><\/div><div class=\"flex_column av_one_half zprojekta need-help-window flex_column_div av-zero-column-padding avia-builder-el-6  el_after_av_one_half avia-builder-el-first avia-builder-el-last  \" style=\"border-radius:0px; \"><a class=\"av_textblock_section\" href=\"https:\/\/dev.optiweb.com\/sl\/?page_id=35711\" itemscope=\"itemscope\" itemtype=\"https:\/\/schema.org\/CreativeWork\"><div class=\"avia_textblock \" itemprop=\"text\"><h2>Potrebuje\u0161 pomo\u010d?<\/h2>\n<p>Si glavo beli\u0161 s kak\u0161nim vpra\u0161anjem, odgovora pa od nikoder?<\/p>\n<p>Izpolni obrazec \u2013 naj ti prisko\u010dimo na pomo\u010d!<\/p>\n<span class=\"linkctazacnimo zacnimo-sredni\">Izpolnite vpra\u0161alnik<\/span><\/div><\/a><\/div><div class=\"flex_column av_one_half  flex_column_div av-zero-column-padding  avia-builder-el-3  el_before_av_one_half    flipkontakt \" style=\"border-radius:0px; \"><section class=\"av_textblock_section\" itemscope=\"itemscope\" itemtype=\"https:\/\/schema.org\/CreativeWork\"><div class=\"avia_textblock frontpart\" itemprop=\"text\"><h2>Pridru\u017ei se nam!<\/h2>\n<p>Prekipeva\u0161 od idej in izku\u0161enj,<br \/>\nprostora zate pa nikjer?<\/p>\n<p>Hitro nam pi\u0161i, da vidimo,<br \/>\n\u010de si iz pravega testa za nas!<\/p>\n<\/div><\/section><section class=\"av_textblock_section\" itemscope=\"itemscope\" itemtype=\"https:\/\/schema.org\/CreativeWork\"><div class=\"avia_textblock backpart\" itemprop=\"text\"><h3 class=\"firsttitle\">Praksa<\/h3><p><a class=\"firstlink zacnimo-desni-ena\" href=\"https:\/\/dev.optiweb.com\/sl\/o-nas\/praksa\/\">Ve\u010d informacij<\/a><\/p><h2 class=\"secondtitle\">Zaposlitev<\/h2><p><a class=\"zacnimo-desni-dva\" href=\"https:\/\/dev.optiweb.com\/sl\/o-nas\/zaposlitev\/\">Ve\u010d informacij<\/a><\/p><\/div><\/section><\/div><\/div>\n<\/div><\/section><\/div>\n\n<\/div><\/div><\/div><!-- close content main div --><\/div><\/div><div id='podpora'  class='av-layout-grid-container entry-content-wrapper main_color av-flex-cells     avia-builder-el-5  el_after_av_section  el_before_av_section  textimgsection imgleft imgright agapped submenu-not-first container_wrap fullsize' style=' '  >\n<div class=\"flex_cell no_margin av_one_half  avia-builder-el-6  el_before_av_cell_one_half  avia-builder-el-first   av-zero-padding \" style='vertical-align:middle; padding:0px; '><div class='flex_cell_inner' ><div  class='avia-image-container  av-styling-    avia-builder-el-7  avia-builder-el-no-sibling  overlayedimg avia-align-center '  itemprop=\"image\" itemscope=\"itemscope\" itemtype=\"https:\/\/schema.org\/ImageObject\"  ><div class='avia-image-container-inner'><div class='avia-image-overlay-wrap'><img class='avia_image' src='https:\/\/dev.optiweb.com\/wp-content\/uploads\/2018\/01\/support.jpg' alt='' title='support' height=\"1419\" width=\"2060\"  itemprop=\"thumbnailUrl\"  \/><\/div><\/div><\/div>\n<\/div><\/div><div class=\"flex_cell no_margin av_one_half  avia-builder-el-8  el_after_av_cell_one_half  avia-builder-el-last   av-zero-padding \" style='vertical-align:top; padding:0px; '><div class='flex_cell_inner' ><section class=\"av_textblock_section \"  itemscope=\"itemscope\" itemtype=\"https:\/\/schema.org\/CreativeWork\" ><div class='avia_textblock  '   itemprop=\"text\" ><h2>Informacije o podjetju<\/h2>\n<\/div><\/section><br \/>\n<section class=\"av_textblock_section \"  itemscope=\"itemscope\" itemtype=\"https:\/\/schema.org\/CreativeWork\" ><div class='avia_textblock kontakti podatki_podjetja '   itemprop=\"text\" ><p><strong>Podatki podjetja<\/strong><\/p>\n<p>Optiweb, d.o.o.<\/p>\n<p>Kapucinski trg 7, 4220 \u0160kofja Loka<\/p>\n<p>VAT: SI15129233<\/p>\n<p>Mat. \u0161t.:\u00a06642446000<\/p>\n<p>IBAN:\u00a0SI56 3000 0001 2593 158<\/p>\n<\/div><\/section><br \/>\n<section class=\"av_textblock_section \"  itemscope=\"itemscope\" itemtype=\"https:\/\/schema.org\/CreativeWork\" ><div class='avia_textblock kontakti display-none '   itemprop=\"text\" ><p><strong>Pred nakupom<\/strong><\/p>\n<p>Za vsa vpra\u0161anja in informacije nam pi\u0161ite na <a href=\"mailto:info@optiweb.com\">info@optiweb.com<\/a> ali nas pokli\u010dite\u00a0<a href=\"tel:0038640624724\">+ 386 40 624 724.<\/a><\/p>\n<\/div><\/section><br \/>\n<section class=\"av_textblock_section \"  itemscope=\"itemscope\" itemtype=\"https:\/\/schema.org\/CreativeWork\" ><div class='avia_textblock kontakti last display-none '   itemprop=\"text\" ><p><strong>Podpora obstoje\u010dim strankam<\/strong><\/p>\n<p>Na voljo smo vam vsak delovnik od 7. do 15. ure na <a href=\"mailto:support@optiweb.com\">support@optiweb.com<\/a> ali\u00a0<a href=\"tel:0038640624604\">+ 386 40 624 604.\u00a0<\/a><\/p>\n<\/div><\/section><\/p>\n<\/div><\/div><\/div><div id='zemljevid'  class='avia-section main_color avia-section-default avia-no-shadow avia-bg-style-scroll  avia-builder-el-13  el_after_av_layout_row  el_before_av_google_map   container_wrap fullsize' style=' '  ><div class='container' ><div class='template-page content  av-content-full alpha units'><div class='post-entry post-entry-type-page post-entry-23991'><div class='entry-content-wrapper clearfix'>\n<section class=\"av_textblock_section \"  itemscope=\"itemscope\" itemtype=\"https:\/\/schema.org\/CreativeWork\" ><div class='avia_textblock  '   itemprop=\"text\" ><h2>Ne, nismo v Ljubljani.<br \/>\nBomo pa zato \u0161e bolj veseli \u00a0<strong>va\u0161ega obiska!<\/strong><\/h2>\n<\/div><\/section>\n<section class=\"av_textblock_section \"  itemscope=\"itemscope\" itemtype=\"https:\/\/schema.org\/CreativeWork\" ><div class='avia_textblock  '   itemprop=\"text\" ><p><a href=\"https:\/\/www.google.si\/maps\/dir\/''\/optiweb+google+maps\/@46.1675767,14.2380843,12z\/data=!4m8!4m7!1m0!1m5!1m1!1s0x477ac61ac3cd0b37:0xd5807f022ff95eea!2m2!1d14.308124!2d46.1675981\" target=\"_blank\" rel=\"noopener\">Navodila za pot<\/a><\/p>\n<\/div><\/section>\n<\/p>\n<div id='av_gmap_1' class='avia-google-map-container' data-mapid='1' style='height: 644px;'><\/div>\n","protected":false},"excerpt":{"rendered":"","protected":false},"author":1,"featured_media":0,"parent":0,"menu_order":0,"comment_status":"closed","ping_status":"closed","template":"template-contact.php","meta":[],"_links":{"self":[{"href":"https:\/\/dev.optiweb.com\/sl\/wp-json\/wp\/v2\/pages\/23991"}],"collection":[{"href":"https:\/\/dev.optiweb.com\/sl\/wp-json\/wp\/v2\/pages"}],"about":[{"href":"https:\/\/dev.optiweb.com\/sl\/wp-json\/wp\/v2\/types\/page"}],"author":[{"embeddable":true,"href":"https:\/\/dev.optiweb.com\/sl\/wp-json\/wp\/v2\/users\/1"}],"replies":[{"embeddable":true,"href":"https:\/\/dev.optiweb.com\/sl\/wp-json\/wp\/v2\/comments?post=23991"}],"version-history":[{"count":38,"href":"https:\/\/dev.optiweb.com\/sl\/wp-json\/wp\/v2\/pages\/23991\/revisions"}],"predecessor-version":[{"id":36526,"href":"https:\/\/dev.optiweb.com\/sl\/wp-json\/wp\/v2\/pages\/23991\/revisions\/36526"}],"wp:attachment":[{"href":"https:\/\/dev.optiweb.com\/sl\/wp-json\/wp\/v2\/media?parent=23991"}],"curies":[{"name":"wp","href":"https:\/\/api.w.org\/{rel}","templated":true}]}}