{"id":24258,"date":"2017-04-07T09:42:22","date_gmt":"2017-04-07T08:42:22","guid":{"rendered":"https:\/\/dev.optiweb.com\/services\/"},"modified":"2018-07-25T08:54:10","modified_gmt":"2018-07-25T08:54:10","slug":"storitve","status":"publish","type":"page","link":"https:\/\/dev.optiweb.com\/sl\/storitve\/","title":{"rendered":"Storitve"},"content":{"rendered":"<div id='av_section_1'  class='avia-section main_color avia-section-default avia-no-shadow avia-bg-style-scroll  avia-builder-el-0  el_before_av_section  avia-builder-el-first  headertitle  container_wrap fullsize' style='background-repeat: no-repeat; background-image: url(https:\/\/dev.optiweb.com\/wp-content\/uploads\/2018\/03\/storitve-header-2-1.jpg);background-attachment: scroll; background-position: top left;  '  data-section-bg-repeat='no-repeat'><div class='container' ><main  role=\"main\" itemprop=\"mainContentOfPage\"  class='template-page content  av-content-full alpha units'><div class='post-entry post-entry-type-page post-entry-24258'><div class='entry-content-wrapper clearfix'>\n<section class=\"av_textblock_section \"  itemscope=\"itemscope\" itemtype=\"https:\/\/schema.org\/CreativeWork\" ><div class='avia_textblock tablecell '   itemprop=\"text\" ><h1>Optiweb<br \/>\n<strong>spletne specialitete<\/strong><\/h1>\n<\/div><\/section>\n\n<\/div><\/div><\/main><!-- close content main element --><\/div><\/div><div id='av_section_2'  class='avia-section main_color avia-section-default avia-no-shadow avia-bg-style-scroll  avia-builder-el-2  el_after_av_section  el_before_av_layout_row  middletext  container_wrap fullsize' style=' '  ><div class='container' ><div class='template-page content  av-content-full alpha units'><div class='post-entry post-entry-type-page post-entry-24258'><div class='entry-content-wrapper clearfix'>\n<section class=\"av_textblock_section \"  itemscope=\"itemscope\" itemtype=\"https:\/\/schema.org\/CreativeWork\" ><div class='avia_textblock  '   itemprop=\"text\" ><p style=\"text-align: center;\"><strong>Potrebujete sve\u017e spletni pristop za svoje podjetje, pa ne veste, kje za\u010deti?<\/strong><br \/>\n\u0160e dobro, da smo se na\u0161li!<\/p>\n<p style=\"text-align: center;\">V digitalnem svetu so mo\u017enosti za zmago neskon\u010dne, prav tak\u0161ne pa so lahko tudi poti do njih. A mi jih poznamo. S posluhom za va\u0161e stranke, \u0161tevilnimi izku\u0161njami in ostrimi idejami bomo zasnovali va\u0161o novo spletno stran, spletno trgovino ali prodorno marketin\u0161ko strategijo, ki bo dosegla va\u0161e stranke in jih spremenila v zveste, vra\u010dajo\u010de kupce.<\/p>\n<\/div><\/section>\n\n<\/div><\/div><\/div><!-- close content main div --><\/div><\/div><div id='av-layout-grid-1'  class='av-layout-grid-container entry-content-wrapper main_color av-flex-cells     avia-builder-el-4  el_after_av_section  el_before_av_section  predstavitev-storitev submenu-not-first container_wrap fullsize' style=' '  >\n<div class=\"flex_cell no_margin av_one_full  avia-builder-el-5  avia-builder-el-no-sibling   av-zero-padding \" style='vertical-align:top; padding:0px; '><div class='flex_cell_inner' ><section class=\"av_textblock_section \"  itemscope=\"itemscope\" itemtype=\"https:\/\/schema.org\/CreativeWork\" ><div class='avia_textblock  '   itemprop=\"text\" ><h2 style=\"text-align: center;\">Kje \u017eelite<strong> izstopati?<\/strong><\/h2>\n<div class=\"storitve-outer-wrap\"><div class=\"storite-upper-wrap\"><div class=\"container\"><div class=\"content\"><div class=\"storitve-upperslider\"><div class=\"posamezna-storitev-upperslide\"><img src=\"https:\/\/dev.optiweb.com\/wp-content\/uploads\/2017\/12\/Strani-modra-storitve.svg\" class=\"style-svg\"><div class=\"storitevime\">Strani<\/div><\/div><div class=\"posamezna-storitev-upperslide\"><img src=\"https:\/\/dev.optiweb.com\/wp-content\/uploads\/2017\/12\/Trgovine-modra-storitve.svg\" class=\"style-svg\"><div class=\"storitevime\">Trgovine<\/div><\/div><div class=\"posamezna-storitev-upperslide\"><img src=\"https:\/\/dev.optiweb.com\/wp-content\/uploads\/2017\/12\/Marketing-modra-storitve.svg\" class=\"style-svg\"><div class=\"storitevime\">Marketing<\/div><\/div><\/div><\/div><\/div><\/div><div class=\"storite-lower-wrap\"><div class=\"storitve-lowerslider\"><div class=\"posamezen-slide-storitve-lower\"><div class=\"av-layout-grid-container entry-content-wrapper main_color av-flex-cells  avia-builder-el-2  el_after_av_section  el_before_av_section  textimgsection imgright submenu-not-first container_wrap fullsize\"><div class=\"flex_cell no_margin av_one_half  avia-builder-el-3  el_before_av_cell_three_fifth  avia-builder-el-first    av-zero-padding \" style=\"vertical-align:top; padding:0px; \"><div class=\"flex_cell_inner\"><section class=\"av_textblock_section\" itemscope=\"itemscope\" itemtype=\"https:\/\/schema.org\/CreativeWork\"><div class=\"avia_textblock \" itemprop=\"text\"><h3><a href=\"https:\/\/dev.optiweb.com\/sl\/storitve\/izdelava-spletnih-strani\/\">Spletne strani<\/a><\/h3>\n<p>Niste prepri\u010dani, da vas spletna stran predstavlja v pravi lu\u010di ali pa strani sploh \u0161e nimate? Spletna stran je ogledalo va\u0161ega podjetja. Pogosto je to strankin prvi stik z vami, pa tudi njen prvi vtis o va\u0161em podjetju in dejavnosti, zato mora biti prepri\u010dljiva, kreativna in stranko nemoteno popeljati skozi va\u0161o zgodbo. Prenova ali izdelava spletne strani, ki bo izpolnjevala vse te kriterije, ni vedno enostavna &#8211; je pa zanimiv izziv, s katerim se ne bojimo spopasti.<br \/>\n<a href=\"https:\/\/dev.optiweb.com\/sl\/storitve\/izdelava-spletnih-strani\/\">Izdelava spletne strani<\/a><\/p>\n<\/div><\/section><\/div><\/div><div class=\"flex_cell no_margin av_one_half  avia-builder-el-7  el_after_av_cell_two_fifth  avia-builder-el-last    av-zero-padding \" style=\"vertical-align:top; padding:0px; \"><div class=\"flex_cell_inner\"><div class=\"avia-image-container overlayedimgslider  av-styling-   avia-builder-el-8  el_before_av_textblock  avia-builder-el-first   avia-align-center \" itemscope=\"itemscope\" itemtype=\"https:\/\/schema.org\/ImageObject\"><div class=\"avia-image-container-inner\"><img class=\"avia_image \" src=\"https:\/\/dev.optiweb.com\/wp-content\/uploads\/2018\/02\/wordpress-mala-1.jpg\" alt=\"\" title=\"milenijci\" itemprop=\"thumbnailUrl\"><\/div><\/div><section class=\"av_textblock_section\" itemscope=\"itemscope\" itemtype=\"https:\/\/schema.org\/CreativeWork\"><div class=\"avia_textblock blueblock \" itemprop=\"text\" style=\"background-image:url(https:\/\/dev.optiweb.com\/wp-content\/uploads\/2017\/11\/wordpress-logo.svg);\"><p>Va\u0161o spletno stran bomo gradili na najbolj priljubljenem odprtokodnem  sistemu WordPress.<\/p>\n<\/div><\/section><\/div><\/div><\/div><\/div><div class=\"posamezen-slide-storitve-lower\"><div class=\"av-layout-grid-container entry-content-wrapper main_color av-flex-cells  avia-builder-el-2  el_after_av_section  el_before_av_section  textimgsection imgright submenu-not-first container_wrap fullsize\"><div class=\"flex_cell no_margin av_one_half  avia-builder-el-3  el_before_av_cell_three_fifth  avia-builder-el-first    av-zero-padding \" style=\"vertical-align:top; padding:0px; \"><div class=\"flex_cell_inner\"><section class=\"av_textblock_section\" itemscope=\"itemscope\" itemtype=\"https:\/\/schema.org\/CreativeWork\"><div class=\"avia_textblock \" itemprop=\"text\"><h3><a href=\"https:\/\/dev.optiweb.com\/sl\/storitve\/spletne-trgovine\/\">Spletne trgovine<\/a><\/h3>\n<p>Se vam zdi, da va\u0161a spletna trgovina preprosto ne dose\u017ee \u0161tevilke, h kateri stremite? Deluje po\u010dasi, se ne prilagaja telefonom, va\u0161e stranke pa le redko dokon\u010dajo nakup?<br \/>\nDobra uporabni\u0161ka izku\u0161nja, hitrost spletne trgovine in njene funkcionalnosti so le nekateri od kriterijev, s pomo\u010djo katerih bomo va\u0161ega kupca intuitivno vodili od prvega stika z vami pa do konca njegovega prvega \u2013 in vsakega naslednjega \u2013 nakupa.<\/p>\n<p><a href=\"https:\/\/dev.optiweb.com\/sl\/storitve\/spletne-trgovine\/\">Izdelava spletne trgovine<\/a><\/p>\n<\/div><\/section><\/div><\/div><div class=\"flex_cell no_margin av_one_half  avia-builder-el-7  el_after_av_cell_two_fifth  avia-builder-el-last    av-zero-padding \" style=\"vertical-align:top; padding:0px; \"><div class=\"flex_cell_inner\"><div class=\"avia-image-container overlayedimgslider  av-styling-   avia-builder-el-8  el_before_av_textblock  avia-builder-el-first   avia-align-center \" itemscope=\"itemscope\" itemtype=\"https:\/\/schema.org\/ImageObject\"><div class=\"avia-image-container-inner\"><img class=\"avia_image \" src=\"https:\/\/dev.optiweb.com\/wp-content\/uploads\/2018\/01\/magento.jpg\" alt=\"\" title=\"milenijci\" itemprop=\"thumbnailUrl\"><\/div><\/div><section class=\"av_textblock_section\" itemscope=\"itemscope\" itemtype=\"https:\/\/schema.org\/CreativeWork\"><div class=\"avia_textblock blueblock \" itemprop=\"text\" style=\"background-image:url(https:\/\/dev.optiweb.com\/wp-content\/uploads\/2018\/02\/swm-01.png);\"><p>Va\u0161o spletno trgovino bomo gradili na sistemu, ki vam bo najbolje odgovarjal - Magento, WooCommerce ali Shopify.<\/p>\n<\/div><\/section><\/div><\/div><\/div><\/div><div class=\"posamezen-slide-storitve-lower\"><div class=\"av-layout-grid-container entry-content-wrapper main_color av-flex-cells  avia-builder-el-2  el_after_av_section  el_before_av_section  textimgsection imgright submenu-not-first container_wrap fullsize\"><div class=\"flex_cell no_margin av_one_half  avia-builder-el-3  el_before_av_cell_three_fifth  avia-builder-el-first    av-zero-padding \" style=\"vertical-align:top; padding:0px; \"><div class=\"flex_cell_inner\"><section class=\"av_textblock_section\" itemscope=\"itemscope\" itemtype=\"https:\/\/schema.org\/CreativeWork\"><div class=\"avia_textblock \" itemprop=\"text\"><h3><a href=\"https:\/\/dev.optiweb.com\/sl\/storitve\/marketing\/\">Marketing<\/a><\/h3>\n<p>Vam sicer odli\u010dno zasnovana in prenovljena spletna stran kljub vsemu ne prina\u0161a dovolj nakupov? Morda vas stranke preprosto ne poznajo ali ne najdejo. Ne morete jim zameriti &#8211; podjetij in spletnih strani je preprosto preve\u010d!<br \/>\nV ekipi za spletno ogla\u0161evanje va\u0161o publiko dose\u017eemo druga\u010de: ljudi na vas opozarjamo na vseh spletnih medijih, ki jih uporabljajo. S tem gradimo prepoznavnost va\u0161e znamke, hkrati pa stranke pozivamo k nakupu in spoznavanju va\u0161e dejavnosti.<\/p>\n<p><a href=\"https:\/\/dev.optiweb.com\/sl\/storitve\/marketing\/\">Razvoj marketin\u0161ke strategije<\/a><\/p>\n<\/div><\/section><\/div><\/div><div class=\"flex_cell no_margin av_one_half  avia-builder-el-7  el_after_av_cell_two_fifth  avia-builder-el-last    av-zero-padding \" style=\"vertical-align:top; padding:0px; \"><div class=\"flex_cell_inner\"><div class=\"avia-image-container overlayedimgslider  av-styling-   avia-builder-el-8  el_before_av_textblock  avia-builder-el-first   avia-align-center \" itemscope=\"itemscope\" itemtype=\"https:\/\/schema.org\/ImageObject\"><div class=\"avia-image-container-inner\"><img class=\"avia_image \" src=\"https:\/\/dev.optiweb.com\/wp-content\/uploads\/2018\/01\/marketing.jpg\" alt=\"\" title=\"milenijci\" itemprop=\"thumbnailUrl\"><\/div><\/div><section class=\"av_textblock_section\" itemscope=\"itemscope\" itemtype=\"https:\/\/schema.org\/CreativeWork\"><div class=\"avia_textblock blueblock woimage\" itemprop=\"text\" style=\"background-image:url();\"><p>Digitalno prisotnost va\u0161ega podjetja bomo gradili s pomo\u010djo optimizacije za iskalnike (SEO) ter ogla\u0161evanja na Google Ads in dru\u017eabnih omre\u017ejih.<\/p>\n<\/div><\/section><\/div><\/div><\/div><\/div><\/div><\/div><\/div>\n<\/div><\/section>\n<\/div><\/div>\n<\/div>\n<div id='mnenja-strank'  class='avia-section main_color avia-section-default avia-no-shadow avia-bg-style-fixed  avia-builder-el-7  el_after_av_layout_row  el_before_av_section   av-minimum-height av-minimum-height-custom  container_wrap fullsize' style='background-repeat: no-repeat; background-image: url(https:\/\/dev.optiweb.com\/wp-content\/uploads\/2018\/02\/ozadje-mnenja-splosno.jpg);background-attachment: fixed; background-position: top center;  '  data-section-bg-repeat='no-repeat'><div class='container' style='height:890px'><div class='template-page content  av-content-full alpha units'><div class='post-entry post-entry-type-page post-entry-24258'><div class='entry-content-wrapper clearfix'>\n<div class=\"flex_column av_one_fourth  flex_column_div av-zero-column-padding first  avia-builder-el-8  el_before_av_one_half  avia-builder-el-first  \" style='border-radius:0px; '><section class=\"av_textblock_section \"  itemscope=\"itemscope\" itemtype=\"https:\/\/schema.org\/CreativeWork\" ><div class='avia_textblock  '   itemprop=\"text\" ><h2>Vsako mnenje<br \/>\n<strong>\u0161teje &#8230;<\/strong><\/h2>\n<\/div><\/section><br \/>\n<section class=\"av_textblock_section \"  itemscope=\"itemscope\" itemtype=\"https:\/\/schema.org\/CreativeWork\" ><div class='avia_textblock  '   itemprop=\"text\" ><p>\u2026 ampak ta so nam \u0161e posebej v\u0161e\u010d!<\/p>\n<\/div><\/section><\/p><\/div><div class=\"flex_column av_one_half  flex_column_div av-zero-column-padding   avia-builder-el-11  el_after_av_one_fourth  el_before_av_one_fourth  \" style='border-radius:0px; '><section class=\"av_textblock_section \"  itemscope=\"itemscope\" itemtype=\"https:\/\/schema.org\/CreativeWork\" ><div class='avia_textblock  '   itemprop=\"text\" ><div class=\"mnenja-wrap-outer\"><div class=\"mnenja-wrap\"><div class=\"posamezno-mnenje\"><div class=\"mnenjetext\"><p>Super ekipa in odnos ter kvalitetno opravljeno delo. Mislim, da so izpolnili na\u0161a pri\u010dakovanja in tako je nastala \u010dudovita spletna trgovina Evitas. Ena bolj\u0161ih odlo\u010ditev je bila, da smo ravno vam prepustili izdelavo le te. \u010ce bi se odlo\u010dala \u0161e enkrat, bi ponovno izbrala vas! Kar tako naprej!<\/p>\n<\/div><div class=\"mnenjetimg\" style=\"background-image:url(https:\/\/dev.optiweb.com\/wp-content\/uploads\/2018\/02\/Eva-Birsa-e1517830298728.png);\"><\/div><div class=\"mnenjeime\">Eva Birsa<\/div><div class=\"mnenjepozicija\">Direktorica prodaje in marketinga, Evitas Shop<\/div><\/div><div class=\"posamezno-mnenje\"><div class=\"mnenjetext\"><p>Z Optiwebovci odli\u010dno sodelujemo \u017ee od novembra 2016. Poleg dobro opravljene storitve jih dela enkratne tudi to, da si za nas in na\u0161a vpra\u0161anja vedno vzamejo \u010das, da nas usmerjajo in nam pomagajo uresni\u010diti na\u0161e ideje. Njihovo znanje in nasveti so nam pomagali dvigniti LONova dru\u017eabna omre\u017eja na vi\u0161jo raven. Zato se veselim sodelovanja tudi v prihodnje.<\/p>\n<\/div><div class=\"mnenjetimg\" style=\"background-image:url(https:\/\/dev.optiweb.com\/wp-content\/uploads\/2018\/02\/Petra_Ambrozic.png);\"><\/div><div class=\"mnenjeime\">Petra Ambro\u017ei\u010d<\/div><div class=\"mnenjepozicija\">Vodja slu\u017ebe marketinga in komuniciranja, Hranilnica LON<\/div><\/div><div class=\"posamezno-mnenje\"><div class=\"mnenjetext\"><p>Pri podjetju Sledenje d.o.o. smo se dolgo pogovarjali o prenovi spletne podobe. Ko smo za\u010deli z iskanjem ponudnika tovrstnih storitev, se niti nismo zavedali kaj vse ta poseg zajema. Na na\u0161o sre\u010do smo naleteli na Optiweb, ki nas je z njihovim celostnim pristopom uspe\u0161no pripeljal \u010dez proces obnove. Njihova ekipa je profesionalna, tehni\u010dno izvrstna in odzivna, njihov proces pa za\u010drtan za dolgoro\u010dni uspeh. Hvala Optiwebovci!<\/p>\n<\/div><div class=\"mnenjetimg\" style=\"background-image:url(https:\/\/dev.optiweb.com\/wp-content\/uploads\/2018\/02\/Timotej.jpeg.jpeg);\"><\/div><div class=\"mnenjeime\">Timotej Hribar<\/div><div class=\"mnenjepozicija\">Projektni vodja, Sledenje<\/div><\/div><div class=\"posamezno-mnenje\"><div class=\"mnenjetext\"><p>Instagram je v zadnjih mesecih v marketin\u0161kih oddelkih zelo pomembna tema, zato smo k izvedbi Instagram delavnice v na\u0161e podjetje povabili Nata\u0161o iz Optiweba. Slu\u0161atelji, razli\u010dni marketin\u0161ki profili, so bili z izvedbo izjemno zadovoljni, saj so kon\u010dno razumeli specifi\u010dno mehaniko in algoritme delovanja Instagrama. Na podlagi delavnice smo la\u017eje sprejeli prihodnje odlo\u010ditve, nau\u010deno pa pridoma uporabljamo pri svojem delu, kar \u017ee dostavlja rezultate.<\/p>\n<\/div><div class=\"mnenjetimg\" style=\"background-image:url(https:\/\/dev.optiweb.com\/wp-content\/uploads\/2018\/02\/Jernej-Janezic-profilna.jpeg);\"><\/div><div class=\"mnenjeime\">Jernej Jane\u017ei\u010d<\/div><div class=\"mnenjepozicija\">Digital Marketing Specialist, Donat Mg & Cockta, Atlantic Grupa<\/div><\/div><\/div><\/div><div class=\"mnenja-nav\"><\/div>\n<\/div><\/section><\/div><div class=\"flex_column av_one_fourth  flex_column_div av-zero-column-padding   avia-builder-el-13  el_after_av_one_half  avia-builder-el-last  \" style='border-radius:0px; '><\/div>\n\n<\/div><\/div><\/div><!-- close content main div --><\/div><\/div><div id='reference'  class='avia-section main_color avia-section-default avia-no-shadow avia-bg-style-scroll  avia-builder-el-14  el_after_av_section  avia-builder-el-last  borderedsections storitveref displayimages  container_wrap fullsize' style=' '  ><div class='container' ><div class='template-page content  av-content-full alpha units'><div class='post-entry post-entry-type-page post-entry-24258'><div class='entry-content-wrapper clearfix'>\n<div class=\"flex_column av_one_full  flex_column_div av-zero-column-padding first  avia-builder-el-15  avia-builder-el-no-sibling  \" style='border-radius:0px; '><section class=\"av_textblock_section \"  itemscope=\"itemscope\" itemtype=\"https:\/\/schema.org\/CreativeWork\" ><div class='avia_textblock  '   itemprop=\"text\" ><div class=\"logotipi-strank-wrap\"><div class=\"flex_column av_one_fourth  flex_column_div av-zero-column-padding first  avia-builder-el-39  el_before_av_one_fourth  avia-builder-el-first  \" style=\"border-radius:0px; \"><div class=\"avia-image-container  av-styling-   avia-builder-el-40  el_before_av_image  avia-builder-el-first   avia-align-center \" itemscope=\"itemscope\" itemtype=\"https:\/\/schema.org\/ImageObject\"><div class=\"avia-image-container-inner\"><a href=\"\"><img style=\"\" class=\"avia_image \" src=\"https:\/\/dev.optiweb.com\/wp-content\/uploads\/2020\/05\/Optiweb-reference-Inotherm.jpg\" alt=\"\" title=\"\" itemprop=\"thumbnailUrl\"><\/a><\/div><\/div><\/div><div class=\"flex_column av_one_fourth  flex_column_div av-zero-column-padding   avia-builder-el-39  el_before_av_one_fourth  avia-builder-el-first  \" style=\"border-radius:0px; \"><div class=\"avia-image-container  av-styling-   avia-builder-el-40  el_before_av_image  avia-builder-el-first   avia-align-center \" itemscope=\"itemscope\" itemtype=\"https:\/\/schema.org\/ImageObject\"><div class=\"avia-image-container-inner\"><a href=\"\"><img style=\"\" class=\"avia_image \" src=\"https:\/\/dev.optiweb.com\/wp-content\/uploads\/2018\/02\/Intersport.png\" alt=\"\" title=\"\" itemprop=\"thumbnailUrl\"><\/a><\/div><\/div><\/div><div class=\"flex_column av_one_fourth  flex_column_div av-zero-column-padding   avia-builder-el-39  el_before_av_one_fourth  avia-builder-el-first  \" style=\"border-radius:0px; \"><div class=\"avia-image-container  av-styling-   avia-builder-el-40  el_before_av_image  avia-builder-el-first   avia-align-center \" itemscope=\"itemscope\" itemtype=\"https:\/\/schema.org\/ImageObject\"><div class=\"avia-image-container-inner\"><a href=\"\"><img style=\"\" class=\"avia_image \" src=\"https:\/\/dev.optiweb.com\/wp-content\/uploads\/2020\/05\/Optiweb-reference-BigBang.jpg\" alt=\"\" title=\"\" itemprop=\"thumbnailUrl\"><\/a><\/div><\/div><\/div><div class=\"flex_column av_one_fourth  flex_column_div av-zero-column-padding   avia-builder-el-39  el_before_av_one_fourth  avia-builder-el-first  \" style=\"border-radius:0px; \"><div class=\"avia-image-container  av-styling-   avia-builder-el-40  el_before_av_image  avia-builder-el-first   avia-align-center \" itemscope=\"itemscope\" itemtype=\"https:\/\/schema.org\/ImageObject\"><div class=\"avia-image-container-inner\"><a href=\"\"><img style=\"\" class=\"avia_image \" src=\"https:\/\/dev.optiweb.com\/wp-content\/uploads\/2018\/02\/iglu.png\" alt=\"\" title=\"\" itemprop=\"thumbnailUrl\"><\/a><\/div><\/div><\/div><div class=\"flex_column av_one_fourth  flex_column_div av-zero-column-padding first  avia-builder-el-39  el_before_av_one_fourth  avia-builder-el-first  \" style=\"border-radius:0px; \"><div class=\"avia-image-container  av-styling-   avia-builder-el-40  el_before_av_image  avia-builder-el-first   avia-align-center \" itemscope=\"itemscope\" itemtype=\"https:\/\/schema.org\/ImageObject\"><div class=\"avia-image-container-inner\"><a href=\"\"><img style=\"\" class=\"avia_image \" src=\"https:\/\/dev.optiweb.com\/wp-content\/uploads\/2019\/11\/generali.png\" alt=\"\" title=\"\" itemprop=\"thumbnailUrl\"><\/a><\/div><\/div><\/div><div class=\"flex_column av_one_fourth  flex_column_div av-zero-column-padding   avia-builder-el-39  el_before_av_one_fourth  avia-builder-el-first  \" style=\"border-radius:0px; \"><div class=\"avia-image-container  av-styling-   avia-builder-el-40  el_before_av_image  avia-builder-el-first   avia-align-center \" itemscope=\"itemscope\" itemtype=\"https:\/\/schema.org\/ImageObject\"><div class=\"avia-image-container-inner\"><a href=\"\"><img style=\"\" class=\"avia_image \" src=\"https:\/\/dev.optiweb.com\/wp-content\/uploads\/2020\/05\/Optiweb-reference-Mass.jpg\" alt=\"\" title=\"\" itemprop=\"thumbnailUrl\"><\/a><\/div><\/div><\/div><div class=\"flex_column av_one_fourth  flex_column_div av-zero-column-padding   avia-builder-el-39  el_before_av_one_fourth  avia-builder-el-first  \" style=\"border-radius:0px; \"><div class=\"avia-image-container  av-styling-   avia-builder-el-40  el_before_av_image  avia-builder-el-first   avia-align-center \" itemscope=\"itemscope\" itemtype=\"https:\/\/schema.org\/ImageObject\"><div class=\"avia-image-container-inner\"><a href=\"\"><img style=\"\" class=\"avia_image \" src=\"https:\/\/dev.optiweb.com\/wp-content\/uploads\/2020\/05\/Optiweb-references-Pikapolonica.jpg\" alt=\"\" title=\"\" itemprop=\"thumbnailUrl\"><\/a><\/div><\/div><\/div><div class=\"flex_column av_one_fourth  flex_column_div av-zero-column-padding   avia-builder-el-39  el_before_av_one_fourth  avia-builder-el-first  \" style=\"border-radius:0px; \"><div class=\"avia-image-container  av-styling-   avia-builder-el-40  el_before_av_image  avia-builder-el-first   avia-align-center \" itemscope=\"itemscope\" itemtype=\"https:\/\/schema.org\/ImageObject\"><div class=\"avia-image-container-inner\"><a href=\"\"><img style=\"\" class=\"avia_image \" src=\"https:\/\/dev.optiweb.com\/wp-content\/uploads\/2019\/05\/logo-corsair.jpg\" alt=\"\" title=\"\" itemprop=\"thumbnailUrl\"><\/a><\/div><\/div><\/div><\/div>\n<\/div><\/section><\/div>\n\n","protected":false},"excerpt":{"rendered":"","protected":false},"author":1,"featured_media":0,"parent":0,"menu_order":0,"comment_status":"closed","ping_status":"closed","template":"template-storitev.php","meta":[],"_links":{"self":[{"href":"https:\/\/dev.optiweb.com\/sl\/wp-json\/wp\/v2\/pages\/24258"}],"collection":[{"href":"https:\/\/dev.optiweb.com\/sl\/wp-json\/wp\/v2\/pages"}],"about":[{"href":"https:\/\/dev.optiweb.com\/sl\/wp-json\/wp\/v2\/types\/page"}],"author":[{"embeddable":true,"href":"https:\/\/dev.optiweb.com\/sl\/wp-json\/wp\/v2\/users\/1"}],"replies":[{"embeddable":true,"href":"https:\/\/dev.optiweb.com\/sl\/wp-json\/wp\/v2\/comments?post=24258"}],"version-history":[{"count":23,"href":"https:\/\/dev.optiweb.com\/sl\/wp-json\/wp\/v2\/pages\/24258\/revisions"}],"predecessor-version":[{"id":43232,"href":"https:\/\/dev.optiweb.com\/sl\/wp-json\/wp\/v2\/pages\/24258\/revisions\/43232"}],"wp:attachment":[{"href":"https:\/\/dev.optiweb.com\/sl\/wp-json\/wp\/v2\/media?parent=24258"}],"curies":[{"name":"wp","href":"https:\/\/api.w.org\/{rel}","templated":true}]}}