{"id":24266,"date":"2017-11-30T11:03:58","date_gmt":"2017-11-30T10:03:58","guid":{"rendered":"https:\/\/dev.optiweb.com\/services\/spletne-strani\/"},"modified":"2020-05-26T05:51:25","modified_gmt":"2020-05-26T05:51:25","slug":"izdelava-spletnih-strani","status":"publish","type":"page","link":"https:\/\/dev.optiweb.com\/sl\/storitve\/izdelava-spletnih-strani\/","title":{"rendered":"Spletne strani"},"content":{"rendered":"<div id='header-storitev'  class='avia-section main_color avia-section-default avia-no-shadow avia-bg-style-scroll  avia-builder-el-0  el_before_av_section  avia-builder-el-first   container_wrap fullsize' style='background-repeat: no-repeat; background-image: url(https:\/\/dev.optiweb.com\/wp-content\/uploads\/2018\/02\/wordpress.jpg);background-attachment: scroll; background-position: center center;  '  data-section-bg-repeat='no-repeat'><div class='container' ><main  role=\"main\" itemprop=\"mainContentOfPage\"  class='template-page content  av-content-full alpha units'><div class='post-entry post-entry-type-page post-entry-24266'><div class='entry-content-wrapper clearfix'>\n<section class=\"av_textblock_section \"  itemscope=\"itemscope\" itemtype=\"https:\/\/schema.org\/CreativeWork\" ><div class='avia_textblock  '   itemprop=\"text\" ><div class=\"ah_bread\"><a href=\"https:\/\/dev.optiweb.com\/sl\/storitve\/\">Storitve<\/a> \/ Spletne strani<\/div>\n<h1>Izdelava spletne strani<\/h1>\n<p>Spletna stran je ogledalo va\u0161ega podjetja. S temeljito analizo, izpopolnjeno grafi\u010dno podobo in dovr\u0161eno uporabni\u0161ko izku\u0161njo bomo ustvarili kakovostno spletno stran, ki vas bo stranki predstavila v najlep\u0161i lu\u010di in jo intuitivno vodila skozi va\u0161o zgodbo.<\/p>\n<\/div><\/section>\n\n<\/div><\/div><\/main><!-- close content main element --><\/div><\/div><div id='storitev-subheader'  class='avia-section main_color avia-section-default avia-no-shadow avia-bg-style-scroll  avia-builder-el-2  el_after_av_section  el_before_av_section   container_wrap fullsize' style=' '  ><div class='container' ><div class='template-page content  av-content-full alpha units'><div class='post-entry post-entry-type-page post-entry-24266'><div class='entry-content-wrapper clearfix'>\n<section class=\"av_textblock_section \"  itemscope=\"itemscope\" itemtype=\"https:\/\/schema.org\/CreativeWork\" ><div class='avia_textblock  '   itemprop=\"text\" ><p>Va\u0161o spletno stran bomo gradili na najbolj priljubljenem in uredniku prijaznem odprtokodnem sistemu WordPress.<\/p>\n<\/div><\/section>\n<div  class='avia-image-container  av-styling-    avia-builder-el-4  el_after_av_textblock  avia-builder-el-last  avia-align-center '  itemprop=\"image\" itemscope=\"itemscope\" itemtype=\"https:\/\/schema.org\/ImageObject\"  ><div class='avia-image-container-inner'><div class='avia-image-overlay-wrap'><img class='avia_image' src='https:\/\/dev.optiweb.com\/wp-content\/uploads\/2017\/11\/wordpress-logo-grey.svg' alt='' title=''   itemprop=\"thumbnailUrl\"  \/><\/div><\/div><\/div>\n\n<\/div><\/div><\/div><!-- close content main div --><\/div><\/div><div id='postopek-dela'  class='avia-section main_color avia-section-default avia-no-shadow avia-bg-style-scroll  avia-builder-el-5  el_after_av_section  el_before_av_section   container_wrap fullsize' style=' '  ><div class='container' ><div class='template-page content  av-content-full alpha units'><div class='post-entry post-entry-type-page post-entry-24266'><div class='entry-content-wrapper clearfix'>\n<section class=\"av_textblock_section \"  itemscope=\"itemscope\" itemtype=\"https:\/\/schema.org\/CreativeWork\" ><div class='avia_textblock  '   itemprop=\"text\" ><h2 style=\"text-align: center;\">Kako poteka izdelava <strong>spletne strani<\/strong><\/h2>\n<\/div><\/section>\n<div class=\"flex_column av_one_half  flex_column_div av-zero-column-padding first  avia-builder-el-7  el_after_av_textblock  el_before_av_one_half  numberimages column-top-margin\" style='border-radius:0px; '><p><section class=\"av_textblock_section \"  itemscope=\"itemscope\" itemtype=\"https:\/\/schema.org\/CreativeWork\" ><div class='avia_textblock  '   itemprop=\"text\" ><p>Dober rezultat zahteva dobro pripravo.<\/p>\n<\/div><\/section><br \/>\n<div  class='avia-image-container  av-styling-    avia-builder-el-9  el_after_av_textblock  el_before_av_image  avia-align-center '  itemprop=\"image\" itemscope=\"itemscope\" itemtype=\"https:\/\/schema.org\/ImageObject\"  ><div class='avia-image-container-inner'><div class='avia-image-overlay-wrap'><img class='avia_image' src='https:\/\/dev.optiweb.com\/wp-content\/uploads\/2017\/12\/1.png' alt='' title='1' height=\"441\" width=\"632\"  itemprop=\"thumbnailUrl\"  \/><\/div><\/div><\/div><br \/>\n<div  class='avia-image-container  av-styling-    avia-builder-el-10  el_after_av_image  avia-builder-el-last  backimg avia-align-center '  itemprop=\"image\" itemscope=\"itemscope\" itemtype=\"https:\/\/schema.org\/ImageObject\"  ><div class='avia-image-container-inner'><div class='avia-image-overlay-wrap'><img class='avia_image' src='https:\/\/dev.optiweb.com\/wp-content\/uploads\/2018\/02\/1ka-3.jpg' alt='' title='1ka' height=\"700\" width=\"350\"  itemprop=\"thumbnailUrl\"  \/><\/div><\/div><\/div><\/p><\/div><div class=\"flex_column av_one_half  flex_column_div av-zero-column-padding   avia-builder-el-11  el_after_av_one_half  el_before_av_one_half  column-top-margin\" style='border-radius:0px; '><section class=\"av_textblock_section \"  itemscope=\"itemscope\" itemtype=\"https:\/\/schema.org\/CreativeWork\" ><div class='avia_textblock  '   itemprop=\"text\" ><h3>Analiza in na\u010drtovanje spletne strani<\/h3>\n<p>Da bi lahko ustvarili celostno strategijo va\u0161ega spletnega nastopa, vas moramo dodobra spoznati. Najprej vas bomo zato vzeli pod drobnogled: prou\u010dili bomo va\u0161o dejavnost, nakupne procese in ciljne skupine.<\/p>\n<p>V procesu na\u010drtovanja nato opredelimo glavne cilje in funkcije nove spletne strani, analiziramo konkuren\u010dna podjetja in njihov spletni nastop ter pripravimo seznam klju\u010dnih besed. S pomo\u010djo izdelave t. i. \u201cbuyer person\u201d in razumevanjem njihove nakupne poti nato za\u010drtamo mo\u010dno strategijo za izdelavo nove spletne strani &#8211; temelj vseh nadaljnjih korakov.<\/p>\n<\/div><\/section><\/div><div class=\"flex_column av_one_half  flex_column_div av-zero-column-padding first  avia-builder-el-13  el_after_av_one_half  el_before_av_one_half  column-top-margin\" style='border-radius:0px; '><section class=\"av_textblock_section \"  itemscope=\"itemscope\" itemtype=\"https:\/\/schema.org\/CreativeWork\" ><div class='avia_textblock  '   itemprop=\"text\" ><h3>Oblikovanje uporabni\u0161ke izku\u0161nje<\/h3>\n<p>Izdelava spletne strani, ki je oblikovno mo\u010dna, ni le stvar estetike &#8211; je strate\u0161ki pristop, s katerim vsi elementi delujejo ubrano in tako kupca vodijo, navdihujejo in mu dajejo razlog, da se vra\u010da k vam.<\/p>\n<p>V procesu kreativne zasnove zato najprej dolo\u010dimo celostno podobo in ton va\u0161e spletne strani ter umestimo vti\u010dnike in klice k akciji, ki bodo usmerjali dejavnost va\u0161ih strank. Na podlagi podatkov iz analize na\u010drtujemo inovativne nakupne poti, odzivne oblikovne predloge in vsebino, ki spodbuja kup\u010dev odziv in zagotavlja vidnost s strani spletnih iskalnikov. S tem ustvarimo napredno uporabni\u0161ko izku\u0161njo, ki je prilagojena le va\u0161emu ciljnemu uporabniku in pove\u010damo mo\u017enosti generiranja konverzije.<\/p>\n<\/div><\/section><br \/>\n<div  class='avia-button-wrap avia-button-left  avia-builder-el-15  el_after_av_textblock  avia-builder-el-last ' ><a href='https:\/\/dev.optiweb.com\/sl\/storitve\/izdelava-spletnih-strani\/nacrtovanje-uporabniske-izkusnje-in-oblikovanje-spletne-strani\/'  class='avia-button   avia-icon_select-yes-right-icon avia-color-theme-color-highlight avia-size-small avia-position-left '   ><span class='avia_iconbox_title' >Na\u010drtovanje &amp; oblikovanje<\/span><span class='avia_button_icon avia_button_icon_right' aria-hidden='true' data-av_icon='\ue879' data-av_iconfont='entypo-fontello'><\/span><\/a><\/div><\/p><\/div><div class=\"flex_column av_one_half  flex_column_div av-zero-column-padding   avia-builder-el-16  el_after_av_one_half  el_before_av_one_half  numberimages changepos column-top-margin\" style='border-radius:0px; '><p><section class=\"av_textblock_section \"  itemscope=\"itemscope\" itemtype=\"https:\/\/schema.org\/CreativeWork\" ><div class='avia_textblock  '   itemprop=\"text\" ><p>O\u010dem in uporabniku prijazna spletna stran.<\/p>\n<\/div><\/section><br \/>\n<div  class='avia-image-container  av-styling-    avia-builder-el-18  el_after_av_textblock  el_before_av_image  avia-align-center '  itemprop=\"image\" itemscope=\"itemscope\" itemtype=\"https:\/\/schema.org\/ImageObject\"  ><div class='avia-image-container-inner'><div class='avia-image-overlay-wrap'><img class='avia_image' src='https:\/\/dev.optiweb.com\/wp-content\/uploads\/2017\/12\/2.png' alt='' title='2' height=\"441\" width=\"632\"  itemprop=\"thumbnailUrl\"  \/><\/div><\/div><\/div><br \/>\n<div  class='avia-image-container  av-styling-    avia-builder-el-19  el_after_av_image  avia-builder-el-last  backimg avia-align-center '  itemprop=\"image\" itemscope=\"itemscope\" itemtype=\"https:\/\/schema.org\/ImageObject\"  ><div class='avia-image-container-inner'><div class='avia-image-overlay-wrap'><img class='avia_image' src='https:\/\/dev.optiweb.com\/wp-content\/uploads\/2018\/02\/2ka-2-2.jpg' alt='' title='2ka-2 (2)' height=\"700\" width=\"350\"  itemprop=\"thumbnailUrl\"  \/><\/div><\/div><\/div><\/p><\/div><div class=\"flex_column av_one_half  flex_column_div av-zero-column-padding first  avia-builder-el-20  el_after_av_one_half  el_before_av_one_half  numberimages column-top-margin\" style='border-radius:0px; '><p><section class=\"av_textblock_section \"  itemscope=\"itemscope\" itemtype=\"https:\/\/schema.org\/CreativeWork\" ><div class='avia_textblock  '   itemprop=\"text\" ><p>Znanja, ki uresni\u010dujejo va\u0161e cilje.<\/p>\n<\/div><\/section><br \/>\n<div  class='avia-image-container  av-styling-    avia-builder-el-22  el_after_av_textblock  el_before_av_image  avia-align-center '  itemprop=\"image\" itemscope=\"itemscope\" itemtype=\"https:\/\/schema.org\/ImageObject\"  ><div class='avia-image-container-inner'><div class='avia-image-overlay-wrap'><img class='avia_image' src='https:\/\/dev.optiweb.com\/wp-content\/uploads\/2017\/12\/3.png' alt='' title='3' height=\"441\" width=\"632\"  itemprop=\"thumbnailUrl\"  \/><\/div><\/div><\/div><br \/>\n<div  class='avia-image-container  av-styling-    avia-builder-el-23  el_after_av_image  avia-builder-el-last  backimg avia-align-center '  itemprop=\"image\" itemscope=\"itemscope\" itemtype=\"https:\/\/schema.org\/ImageObject\"  ><div class='avia-image-container-inner'><div class='avia-image-overlay-wrap'><img class='avia_image' src='https:\/\/dev.optiweb.com\/wp-content\/uploads\/2018\/02\/3ka-2-2.jpg' alt='' title='3ka-2 (2)' height=\"700\" width=\"350\"  itemprop=\"thumbnailUrl\"  \/><\/div><\/div><\/div><\/p><\/div><div class=\"flex_column av_one_half  flex_column_div av-zero-column-padding   avia-builder-el-24  el_after_av_one_half  el_before_av_one_half  column-top-margin\" style='border-radius:0px; '><section class=\"av_textblock_section \"  itemscope=\"itemscope\" itemtype=\"https:\/\/schema.org\/CreativeWork\" ><div class='avia_textblock  '   itemprop=\"text\" ><h3>Razvoj in vzdr\u017eevanje<\/h3>\n<p>\u017de med vzpostavitvijo spletne strani z na\u0161imi WordPress programerji poskrbimo, da stran deluje hitro in nemoteno. Pove\u017eemo jo z dru\u017ebenimi omre\u017eji, jo prilagodimo za razli\u010dne naprave in poskrbimo za on-site optimizacijo.<\/p>\n<p>A tudi, ko je razvoj spletne strani kon\u010dan, vas ne pustimo samih: z rednim vzdr\u017eevanjem poskrbimo, da spletna stran \u0161e naprej deluje brez te\u017eav, s proaktivnimi re\u0161itvami pa \u0161e naprej skrbimo za va\u0161e prodajne in tehni\u010dne izzive in vas vodimo k prodajnim ciljem.<\/p>\n<\/div><\/section><\/div><div class=\"flex_column av_one_half  flex_column_div av-zero-column-padding first  avia-builder-el-26  el_after_av_one_half  el_before_av_one_half  column-top-margin\" style='border-radius:0px; '><section class=\"av_textblock_section \"  itemscope=\"itemscope\" itemtype=\"https:\/\/schema.org\/CreativeWork\" ><div class='avia_textblock  '   itemprop=\"text\" ><h3>Pot navzgor<\/h3>\n<p>Rast va\u0161e spletne strani ni odvisna le od njenih funkcionalnosti, temve\u010d tudi od tega, ali vas potencialni kupci v poplavi mo\u017enosti tudi najdejo.<\/p>\n<p>Z na\u0161o marketing ekipo zato poskrbimo za celostno in inovativno marketin\u0161ko strategijo, s pomo\u010djo katere prevetrimo in okrepimo va\u0161o spletno prisotnost, pove\u010damo spletno prodajo in vas postavimo visoko med iskalne poizvedbe.<\/p>\n<\/div><\/section><\/div><div class=\"flex_column av_one_half  flex_column_div av-zero-column-padding   avia-builder-el-28  el_after_av_one_half  avia-builder-el-last  numberimages changepos column-top-margin\" style='border-radius:0px; '><p><section class=\"av_textblock_section \"  itemscope=\"itemscope\" itemtype=\"https:\/\/schema.org\/CreativeWork\" ><div class='avia_textblock  '   itemprop=\"text\" ><p>Izkoristite ves potencial spleta.<\/p>\n<\/div><\/section><br \/>\n<div  class='avia-image-container  av-styling-    avia-builder-el-30  el_after_av_textblock  el_before_av_image  avia-align-center '  itemprop=\"image\" itemscope=\"itemscope\" itemtype=\"https:\/\/schema.org\/ImageObject\"  ><div class='avia-image-container-inner'><div class='avia-image-overlay-wrap'><img class='avia_image' src='https:\/\/dev.optiweb.com\/wp-content\/uploads\/2017\/12\/4.png' alt='' title='4' height=\"441\" width=\"632\"  itemprop=\"thumbnailUrl\"  \/><\/div><\/div><\/div><br \/>\n<div  class='avia-image-container  av-styling-    avia-builder-el-31  el_after_av_image  avia-builder-el-last  backimg avia-align-center '  itemprop=\"image\" itemscope=\"itemscope\" itemtype=\"https:\/\/schema.org\/ImageObject\"  ><div class='avia-image-container-inner'><div class='avia-image-overlay-wrap'><img class='avia_image' src='https:\/\/dev.optiweb.com\/wp-content\/uploads\/2018\/02\/4-ka-2-1.jpg' alt='' title='4-ka-2 (1)' height=\"700\" width=\"350\"  itemprop=\"thumbnailUrl\"  \/><\/div><\/div><\/div><\/p><\/div><\/div><\/div><\/div><!-- close content main div --><\/div><\/div><div id='prednosti'  class='avia-section main_color avia-section-default avia-no-shadow avia-bg-style-scroll  avia-builder-el-32  el_after_av_section  el_before_av_section   container_wrap fullsize' style=' '  ><div class='container' ><div class='template-page content  av-content-full alpha units'><div class='post-entry post-entry-type-page post-entry-24266'><div class='entry-content-wrapper clearfix'>\n<section class=\"av_textblock_section \"  itemscope=\"itemscope\" itemtype=\"https:\/\/schema.org\/CreativeWork\" ><div class='avia_textblock  '   itemprop=\"text\" ><h2>Zakaj <strong>ravno mi?<\/strong><\/h2>\n<\/div><\/section>\n<div class=\"flex_column av_one_fourth  flex_column_div av-zero-column-padding first  avia-builder-el-34  el_after_av_textblock  el_before_av_one_fourth  column-top-margin\" style='border-radius:0px; '><p><div  class='avia-image-container  av-styling-    avia-builder-el-35  el_before_av_textblock  avia-builder-el-first  avia-align-center '  itemprop=\"image\" itemscope=\"itemscope\" itemtype=\"https:\/\/schema.org\/ImageObject\"  ><div class='avia-image-container-inner'><div class='avia-image-overlay-wrap'><img class='avia_image' src='https:\/\/dev.optiweb.com\/wp-content\/uploads\/2018\/02\/paleta-znanj.svg' alt='' title='paleta-znanj'   itemprop=\"thumbnailUrl\"  \/><\/div><\/div><\/div><br \/>\n<section class=\"av_textblock_section \"  itemscope=\"itemscope\" itemtype=\"https:\/\/schema.org\/CreativeWork\" ><div class='avia_textblock  '   itemprop=\"text\" ><p><strong>Paleta znanj <\/strong><\/p>\n<p>Izdelava spletne strani vklju\u010duje vsa na\u0161a znanja, od WordPress razvoja in oblikovanja uporabni\u0161ke izku\u0161nje do spletnega marketinga.<\/p>\n<\/div><\/section><\/p><\/div><div class=\"flex_column av_one_fourth  flex_column_div av-zero-column-padding   avia-builder-el-37  el_after_av_one_fourth  el_before_av_one_fourth  column-top-margin\" style='border-radius:0px; '><p><div  class='avia-image-container  av-styling-    avia-builder-el-38  el_before_av_textblock  avia-builder-el-first  avia-align-center '  itemprop=\"image\" itemscope=\"itemscope\" itemtype=\"https:\/\/schema.org\/ImageObject\"  ><div class='avia-image-container-inner'><div class='avia-image-overlay-wrap'><img class='avia_image' src='https:\/\/dev.optiweb.com\/wp-content\/uploads\/2018\/02\/vedno-z-vami.svg' alt='' title='vedno-z-vami'   itemprop=\"thumbnailUrl\"  \/><\/div><\/div><\/div><br \/>\n<section class=\"av_textblock_section \"  itemscope=\"itemscope\" itemtype=\"https:\/\/schema.org\/CreativeWork\" ><div class='avia_textblock  '   itemprop=\"text\" ><p><strong>Vedno z vami<\/strong><\/p>\n<p>Tudi po koncu projekta va\u0161o spletno stran redno vzdr\u017eujemo, zato je vedno u\u010dinkovita in za\u0161\u010ditena pred varnostnimi napadi.<\/p>\n<\/div><\/section><\/p><\/div><div class=\"flex_column av_one_fourth  flex_column_div av-zero-column-padding   avia-builder-el-40  el_after_av_one_fourth  el_before_av_one_fourth  column-top-margin\" style='border-radius:0px; '><p><div  class='avia-image-container  av-styling-    avia-builder-el-41  el_before_av_textblock  avia-builder-el-first  avia-align-center '  itemprop=\"image\" itemscope=\"itemscope\" itemtype=\"https:\/\/schema.org\/ImageObject\"  ><div class='avia-image-container-inner'><div class='avia-image-overlay-wrap'><img class='avia_image' src='https:\/\/dev.optiweb.com\/wp-content\/uploads\/2018\/02\/prodajno-usmerjeni.svg' alt='' title='prodajno-usmerjeni'   itemprop=\"thumbnailUrl\"  \/><\/div><\/div><\/div><br \/>\n<section class=\"av_textblock_section \"  itemscope=\"itemscope\" itemtype=\"https:\/\/schema.org\/CreativeWork\" ><div class='avia_textblock  '   itemprop=\"text\" ><p><strong>Prodajno usmerjeni<\/strong><\/p>\n<p>Kreativne in tehni\u010dne vidike projekta vedno pove\u017eemo z mo\u010dno prodajno vizijo, ki sledi va\u0161im ciljem.<\/p>\n<\/div><\/section><\/p><\/div><div class=\"flex_column av_one_fourth  flex_column_div av-zero-column-padding   avia-builder-el-43  el_after_av_one_fourth  avia-builder-el-last  column-top-margin\" style='border-radius:0px; '><p><div  class='avia-image-container  av-styling-    avia-builder-el-44  el_before_av_textblock  avia-builder-el-first  avia-align-center '  itemprop=\"image\" itemscope=\"itemscope\" itemtype=\"https:\/\/schema.org\/ImageObject\"  ><div class='avia-image-container-inner'><div class='avia-image-overlay-wrap'><img class='avia_image' src='https:\/\/dev.optiweb.com\/wp-content\/uploads\/2018\/02\/cez-vse-meje-1.svg' alt='' title='cez-vse-meje'   itemprop=\"thumbnailUrl\"  \/><\/div><\/div><\/div><br \/>\n<section class=\"av_textblock_section \"  itemscope=\"itemscope\" itemtype=\"https:\/\/schema.org\/CreativeWork\" ><div class='avia_textblock  '   itemprop=\"text\" ><p><strong>\u010cez vse meje<\/strong><\/p>\n<p>Sodelujemo z mednarodnimi naro\u010dniki in vam z globalno strategijo pomagamo pri prodoru na tuje trge.<\/p>\n<\/div><\/section><\/p><\/div>\n<\/p>\n<\/div><\/div><\/div><!-- close content main div --><\/div><\/div><div id='nepozabne-izkusnje'  class='avia-section main_color avia-section-default avia-no-shadow avia-bg-style-scroll  avia-builder-el-46  el_after_av_section  el_before_av_section   container_wrap fullsize' style=' '  ><div class='container' ><div class='template-page content  av-content-full alpha units'><div class='post-entry post-entry-type-page post-entry-24266'><div class='entry-content-wrapper clearfix'>\n<section class=\"av_textblock_section \"  itemscope=\"itemscope\" itemtype=\"https:\/\/schema.org\/CreativeWork\" ><div class='avia_textblock  '   itemprop=\"text\" ><h2>Izpod<br \/>\n<strong>na\u0161ih rok<\/strong><\/h2>\n<\/div><\/section>\n<section class=\"av_textblock_section \"  itemscope=\"itemscope\" itemtype=\"https:\/\/schema.org\/CreativeWork\" ><div class='avia_textblock  '   itemprop=\"text\" ><div class=\"projektiwrap\"><div class=\"projektbig\"><img src=\"https:\/\/dev.optiweb.com\/wp-content\/uploads\/2017\/06\/Kd-skladi1.png\"><a href=\"https:\/\/dev.optiweb.com\/sl\/projekt\/kd-skladi\/\" class=\"projektoverlay\"><div class=\"naziv_projekta\">KD skladi<\/div><div class=\"podnaslov_projekta\">Dru\u017eba za upravljanje<\/div><div class=\"statistika_projekta\"><div class=\"procenti\"><span >159<\/span>%<\/div><div class=\"statistika_text\">ve\u010d uporabnikov preko mobilnikov<\/div><\/div><\/a><\/div><div class=\"projektidesno\"><a href=\"https:\/\/dev.optiweb.com\/sl\/projekt\/intersport\/\" class=\"projektsmall\"><img src=\"https:\/\/dev.optiweb.com\/wp-content\/uploads\/2018\/02\/prikazna-intersport1-430x325.jpg\"><div class=\"projektoverlay\"><div class=\"naziv_projekta\">InterSport<\/div><div class=\"podnaslov_projekta\">Spletna trgovina s \u0161portno opremo<\/div><div class=\"statistika_projekta\"><div class=\"procenti\"><span >581<\/span>%<\/div><div class=\"statistika_text\">pove\u010danje ogledov strani<\/div><\/div><\/div><\/a><a href=\"https:\/\/dev.optiweb.com\/sl\/projekt\/iglusport\/\" class=\"projektsmall\"><img src=\"https:\/\/dev.optiweb.com\/wp-content\/uploads\/2017\/06\/iglusport-3-430x325.jpg\"><div class=\"projektoverlay\"><div class=\"naziv_projekta\">Iglu \u0160port<\/div><div class=\"podnaslov_projekta\">Vodilni ponudnik \"outdoor\" opreme<\/div><div class=\"statistika_projekta\"><div class=\"procenti\"><span >22<\/span>%<\/div><div class=\"statistika_text\">povi\u0161anje ogledov strani na sejo<\/div><\/div><\/div><\/a><\/div><div class=\"lallprojwrap\"><a href=\"https:\/\/dev.optiweb.com\/sl\/projekti\/\" class=\"ctatext\">Vsi projekti<\/a><\/div><\/div>\n<\/div><\/section>\n\n<\/div><\/div><\/div><!-- close content main div --><\/div><\/div><div id='av_section_6'  class='avia-section main_color avia-section-default avia-no-shadow avia-bg-style-scroll  middletext storitevcta borderedctatop  container_wrap fullsize' style=' '  ><div class='container' ><div class='template-page content  av-content-full alpha units'><div class='post-entry post-entry-type-page post-entry-24266'><div class='entry-content-wrapper clearfix'>\n<section class=\"av_textblock_section \"  itemscope=\"itemscope\" itemtype=\"https:\/\/schema.org\/CreativeWork\" ><div class='avia_textblock  '   itemprop=\"text\" ><h2>Je \u010das za <strong>novo spletno stran?<\/strong><\/h2>\n<p>Se va\u0161a spletna stran ne prilagaja telefonom?<br \/>\nDeluje po\u010dasi, videz pa ne odra\u017ea va\u0161e prave podobe?<br \/>\nPotem je \u017ee skrajni \u010das za novo spletno stran!<\/p>\n<\/div><\/section>\n<div  class='avia-button-wrap avia-button-center  ah_button_blue_gradient' ><a href='https:\/\/dev.optiweb.com\/sl\/zacnimo-projekt\/'  class='avia-button   avia-icon_select-no avia-color-theme-color avia-size-small avia-position-center '   ><span class='avia_iconbox_title' >Za\u010dnimo projekt<\/span><\/a><\/div>\n\n<\/div><\/div><\/div><!-- close content main div --><\/div><\/div><div id='mnenja-strank'  class='avia-section main_color avia-section-default avia-no-shadow avia-bg-style-fixed   av-minimum-height av-minimum-height-custom  container_wrap fullsize' style='background-repeat: no-repeat; background-image: url(https:\/\/dev.optiweb.com\/wp-content\/uploads\/2018\/02\/ozadje-mnenje-strani-2.jpg);background-attachment: fixed; background-position: top center;  '  data-section-bg-repeat='no-repeat'><div class='container' style='height:890px'><div class='template-page content  av-content-full alpha units'><div class='post-entry post-entry-type-page post-entry-24266'><div class='entry-content-wrapper clearfix'>\n<div class=\"flex_column av_one_fourth  flex_column_div av-zero-column-padding first  \" style='border-radius:0px; '><section class=\"av_textblock_section \"  itemscope=\"itemscope\" itemtype=\"https:\/\/schema.org\/CreativeWork\" ><div class='avia_textblock  '   itemprop=\"text\" ><h2>Vsako mnenje<br \/>\n<strong>\u0161teje \u2026 <\/strong><\/h2>\n<\/div><\/section><br \/>\n<section class=\"av_textblock_section \"  itemscope=\"itemscope\" itemtype=\"https:\/\/schema.org\/CreativeWork\" ><div class='avia_textblock  '   itemprop=\"text\" ><p>\u2026 ta pa so nam \u0161e posebej v\u0161e\u010d!<\/p>\n<\/div><\/section><\/p><\/div><div class=\"flex_column av_one_half  flex_column_div av-zero-column-padding   \" style='border-radius:0px; '><section class=\"av_textblock_section \"  itemscope=\"itemscope\" itemtype=\"https:\/\/schema.org\/CreativeWork\" ><div class='avia_textblock  '   itemprop=\"text\" ><div class=\"mnenja-wrap-outer\"><div class=\"mnenja-wrap\"><\/div><\/div><div class=\"mnenja-nav\"><\/div>\n<\/div><\/section><\/div><div class=\"flex_column av_one_fourth  flex_column_div av-zero-column-padding   \" style='border-radius:0px; '><\/div>\n\n<\/div><\/div><\/div><!-- close content main div --><\/div><\/div><div id='clani-ekipe'  class='avia-section main_color avia-section-default avia-no-shadow avia-bg-style-scroll   container_wrap fullsize' style=' '  ><div class='container' ><div class='template-page content  av-content-full alpha units'><div class='post-entry post-entry-type-page post-entry-24266'><div class='entry-content-wrapper clearfix'>\n<section class=\"av_textblock_section \"  itemscope=\"itemscope\" itemtype=\"https:\/\/schema.org\/CreativeWork\" ><div class='avia_textblock  '   itemprop=\"text\" ><h2>Za va\u0161o spletno stran <strong> bomo skrbeli<\/strong><\/h2>\n<div class=\"zaposleniwrap\"><\/div><div class=\"vsizaposlenilink\"><a href=\"https:\/\/dev.optiweb.com\/sl\/o-nas#zaposleni\">Spoznaj vse Optiwebovce<\/a><\/div>\n<\/div><\/section>\n\n","protected":false},"excerpt":{"rendered":"","protected":false},"author":1,"featured_media":0,"parent":24258,"menu_order":0,"comment_status":"closed","ping_status":"closed","template":"template-podstoritev.php","meta":[],"_links":{"self":[{"href":"https:\/\/dev.optiweb.com\/sl\/wp-json\/wp\/v2\/pages\/24266"}],"collection":[{"href":"https:\/\/dev.optiweb.com\/sl\/wp-json\/wp\/v2\/pages"}],"about":[{"href":"https:\/\/dev.optiweb.com\/sl\/wp-json\/wp\/v2\/types\/page"}],"author":[{"embeddable":true,"href":"https:\/\/dev.optiweb.com\/sl\/wp-json\/wp\/v2\/users\/1"}],"replies":[{"embeddable":true,"href":"https:\/\/dev.optiweb.com\/sl\/wp-json\/wp\/v2\/comments?post=24266"}],"version-history":[{"count":30,"href":"https:\/\/dev.optiweb.com\/sl\/wp-json\/wp\/v2\/pages\/24266\/revisions"}],"predecessor-version":[{"id":43846,"href":"https:\/\/dev.optiweb.com\/sl\/wp-json\/wp\/v2\/pages\/24266\/revisions\/43846"}],"up":[{"embeddable":true,"href":"https:\/\/dev.optiweb.com\/sl\/wp-json\/wp\/v2\/pages\/24258"}],"wp:attachment":[{"href":"https:\/\/dev.optiweb.com\/sl\/wp-json\/wp\/v2\/media?parent=24266"}],"curies":[{"name":"wp","href":"https:\/\/api.w.org\/{rel}","templated":true}]}}