{"id":28525,"date":"2018-03-22T12:44:15","date_gmt":"2018-03-22T12:44:15","guid":{"rendered":"https:\/\/dev.optiweb.com\/?page_id=28525"},"modified":"2020-03-03T13:27:19","modified_gmt":"2020-03-03T13:27:19","slug":"primerjava-placilnih-modulov","status":"publish","type":"page","link":"https:\/\/dev.optiweb.com\/sl\/primerjava-placilnih-modulov\/","title":{"rendered":"Primerjava pla\u010dilnih modulov"},"content":{"rendered":"<div id='primerjava-heading'  class='avia-section main_color avia-section-default avia-no-shadow avia-bg-style-scroll  avia-builder-el-0  el_before_av_section  avia-builder-el-first   container_wrap fullsize' style=' '  ><div class='container' ><main  role=\"main\" itemprop=\"mainContentOfPage\"  class='template-page content  av-content-full alpha units'><div class='post-entry post-entry-type-page post-entry-28525'><div class='entry-content-wrapper clearfix'>\n<div class=\"flex_column av_one_half  flex_column_div av-zero-column-padding first  avia-builder-el-1  el_before_av_one_half  avia-builder-el-first  \" style='border-radius:0px; '><section class=\"av_textblock_section \"  itemscope=\"itemscope\" itemtype=\"https:\/\/schema.org\/CreativeWork\" ><div class='avia_textblock  '   itemprop=\"text\" ><h1>Primerjava pla\u010dilnih modulov<\/h1>\n<p>Kako izbrati pla\u010dilni modul, ki vas ne bo pustil na cedilu?<br \/>\nZa pravo odlo\u010ditev v tem obse\u017enem priro\u010dniku primerjamo 9 razli\u010dnih ponudnikov pla\u010dilnih modulov.<\/p>\n<\/div><\/section><\/div><div class=\"flex_column av_one_half  flex_column_div av-zero-column-padding   avia-builder-el-3  el_after_av_one_half  avia-builder-el-last  \" style='border-radius:0px; '><div  class='avia-image-container  av-styling-    avia-builder-el-4  avia-builder-el-no-sibling  avia-align-center '  itemprop=\"image\" itemscope=\"itemscope\" itemtype=\"https:\/\/schema.org\/ImageObject\"  ><div class='avia-image-container-inner'><div class='avia-image-overlay-wrap'><img class='avia_image' src='https:\/\/dev.optiweb.com\/wp-content\/uploads\/2020\/01\/ebook-moduli-copy.png' alt='' title='ebook-moduli copy' height=\"424\" width=\"576\"  itemprop=\"thumbnailUrl\"  \/><\/div><\/div><\/div><\/div><\/div><\/div><\/main><!-- close content main element --><\/div><\/div><div id='prirocnik-content'  class='avia-section main_color avia-section-default avia-no-shadow avia-bg-style-scroll  avia-builder-el-5  el_after_av_section  avia-builder-el-last   container_wrap fullsize' style=' '  ><div class='container' ><div class='template-page content  av-content-full alpha units'><div class='post-entry post-entry-type-page post-entry-28525'><div class='entry-content-wrapper clearfix'>\n<div class=\"flex_column av_one_half  flex_column_div av-zero-column-padding first  avia-builder-el-6  el_before_av_one_half  avia-builder-el-first  prirocnik-content-seznam \" style='border-radius:0px; '><section class=\"av_textblock_section \"  itemscope=\"itemscope\" itemtype=\"https:\/\/schema.org\/CreativeWork\" ><div class='avia_textblock  '   itemprop=\"text\" ><h3>V tem priro\u010dniku boste izvedeli:<\/h3>\n<ul>\n<li><strong>Kateri ponudniki<\/strong> pla\u010dilnih modulov so trenutno prisotni na trgu<\/li>\n<li><strong>Kak\u0161ne so razlike med posameznimi ponudniki:<\/strong> vse od mese\u010dnih stro\u0161kov in provizije do pla\u010dilnih kartic, valut in varnostnih sistemov<\/li>\n<li><strong>Na\u0161e strokovno mnenje<\/strong> o tem, kateri ponudnik je po rezultatih primerjave najprimernej\u0161i za poslovanje v Sloveniji in kateri za globalno poslovanje<\/li>\n<\/ul>\n<\/div><\/section><br \/>\n<section class=\"av_textblock_section \"  itemscope=\"itemscope\" itemtype=\"https:\/\/schema.org\/CreativeWork\" ><div class='avia_textblock prirocnik-cta '   itemprop=\"text\" ><p>Prenesi brezpla\u010den e-priro\u010dnik<\/p>\n<\/div><\/section><\/p><\/div><div class=\"flex_column av_one_half  flex_column_div av-zero-column-padding   avia-builder-el-9  el_after_av_one_half  avia-builder-el-last  prirocnik-content-forma \" style='border-radius:0px; '><p><section class=\"av_textblock_section \"  itemscope=\"itemscope\" itemtype=\"https:\/\/schema.org\/CreativeWork\" ><div class='avia_textblock  '   itemprop=\"text\" >\n                <div class='gf_browser_gecko gform_wrapper' id='gform_wrapper_4' ><form method='post' enctype='multipart\/form-data' target='gform_ajax_frame_4' id='gform_4'  action='\/sl\/wp-json\/wp\/v2\/pages\/28525'>\n                        <div class='gform_body'><ul id='gform_fields_4' class='gform_fields top_label form_sublabel_below description_below'><li id='field_4_4'  class='gfield gfield_contains_required field_sublabel_below field_description_below gfield_visibility_visible' ><label class='gfield_label' for='input_4_4' >Kam vam po\u0161ljemo e-priro\u010dnik?*<span class='gfield_required'>*<\/span><\/label><div class='ginput_container ginput_container_email'>\n                            <input name='input_4' id='input_4_4' type='text' value='' class='medium'   placeholder='Va\u0161 e-naslov' aria-required=\"true\" aria-invalid=\"false\" \/>\n                        <\/div><\/li><li id='field_4_2'  class='gfield gfield_contains_required field_sublabel_below field_description_below gfield_visibility_visible' ><label class='gfield_label' for='input_4_2' >Ime in priimek*<span class='gfield_required'>*<\/span><\/label><div class='ginput_container ginput_container_text'><input name='input_2' id='input_4_2' type='text' value='' class='medium'    placeholder='Ime in priimek' aria-required=\"true\" aria-invalid=\"false\" \/><\/div><\/li><li id='field_4_3'  class='gfield field_sublabel_below field_description_below gfield_visibility_visible' ><label class='gfield_label' for='input_4_3' >Va\u0161e podjetje oz. spletna stran<\/label><div class='ginput_container ginput_container_text'><input name='input_3' id='input_4_3' type='text' value='' class='medium'    placeholder='Podjetje ali spletna stran'  aria-invalid=\"false\" \/><\/div><\/li><li id='field_4_5'  class='gfield gform_validation_container field_sublabel_below field_description_below gfield_visibility_visible' ><label class='gfield_label' for='input_4_5' >Name<\/label><div class='ginput_container'><input name='input_5' id='input_4_5' type='text' value='' \/><\/div><div class='gfield_description' id='gfield_description__5'>This field is for validation purposes and should be left unchanged.<\/div><\/li>\n                            <\/ul><\/div>\n        <div class='gform_footer top_label'> <input type='submit' id='gform_submit_button_4' class='gform_button button' value='Ho\u010dem svoj izvod'  onclick='if(window[\"gf_submitting_4\"]){return false;}  window[\"gf_submitting_4\"]=true;  ' onkeypress='if( event.keyCode == 13 ){ if(window[\"gf_submitting_4\"]){return false;} window[\"gf_submitting_4\"]=true;  jQuery(\"#gform_4\").trigger(\"submit\",[true]); }' \/> <input type='hidden' name='gform_ajax' value='form_id=4&amp;title=&amp;description=&amp;tabindex=0' \/>\n            <input type='hidden' class='gform_hidden' name='is_submit_4' value='1' \/>\n            <input type='hidden' class='gform_hidden' name='gform_submit' value='4' \/>\n            \n            <input type='hidden' class='gform_hidden' name='gform_unique_id' value='' \/>\n            <input type='hidden' class='gform_hidden' name='state_4' value='WyJbXSIsIjMyY2Y3NDEyZjg0ZmZiNzZhZjE4OGZkYWZmOGQ2MzhmIl0=' \/>\n            <input type='hidden' class='gform_hidden' name='gform_target_page_number_4' id='gform_target_page_number_4' value='0' \/>\n            <input type='hidden' class='gform_hidden' name='gform_source_page_number_4' id='gform_source_page_number_4' value='1' \/>\n            <input type='hidden' name='gform_field_values' value='' \/>\n            \n        <\/div>\n                        <\/form>\n                        <\/div>\n                <iframe style='display:none;width:0px;height:0px;' src='about:blank' name='gform_ajax_frame_4' id='gform_ajax_frame_4'>This iframe contains the logic required to handle Ajax powered Gravity Forms.<\/iframe>\n                <script type='text\/javascript'>jQuery(document).ready(function($){gformInitSpinner( 4, 'https:\/\/dev.optiweb.com\/wp-content\/plugins\/gravityforms\/images\/spinner.gif' );jQuery('#gform_ajax_frame_4').on('load',function(){var contents = jQuery(this).contents().find('*').html();var is_postback = contents.indexOf('GF_AJAX_POSTBACK') >= 0;if(!is_postback){return;}var form_content = jQuery(this).contents().find('#gform_wrapper_4');var is_confirmation = jQuery(this).contents().find('#gform_confirmation_wrapper_4').length > 0;var is_redirect = contents.indexOf('gformRedirect(){') >= 0;var is_form = form_content.length > 0 && ! is_redirect && ! is_confirmation;var mt = parseInt(jQuery('html').css('margin-top'), 10) + parseInt(jQuery('body').css('margin-top'), 10) + 100;if(is_form){jQuery('#gform_wrapper_4').html(form_content.html());if(form_content.hasClass('gform_validation_error')){jQuery('#gform_wrapper_4').addClass('gform_validation_error');} else {jQuery('#gform_wrapper_4').removeClass('gform_validation_error');}setTimeout( function() { \/* delay the scroll by 50 milliseconds to fix a bug in chrome *\/  }, 50 );if(window['gformInitDatepicker']) {gformInitDatepicker();}if(window['gformInitPriceFields']) {gformInitPriceFields();}var current_page = jQuery('#gform_source_page_number_4').val();gformInitSpinner( 4, 'https:\/\/dev.optiweb.com\/wp-content\/plugins\/gravityforms\/images\/spinner.gif' );jQuery(document).trigger('gform_page_loaded', [4, current_page]);window['gf_submitting_4'] = false;}else if(!is_redirect){var confirmation_content = jQuery(this).contents().find('.GF_AJAX_POSTBACK').html();if(!confirmation_content){confirmation_content = contents;}setTimeout(function(){jQuery('#gform_wrapper_4').replaceWith(confirmation_content);jQuery(document).trigger('gform_confirmation_loaded', [4]);window['gf_submitting_4'] = false;}, 50);}else{jQuery('#gform_4').append(contents);if(window['gformRedirect']) {gformRedirect();}}jQuery(document).trigger('gform_post_render', [4, current_page]);} );} );<\/script><script type='text\/javascript'> jQuery(document).bind('gform_post_render', function(event, formId, currentPage){if(formId == 4) {if(typeof Placeholders != 'undefined'){\n                        Placeholders.enable();\n                    }} } );jQuery(document).bind('gform_post_conditional_logic', function(event, formId, fields, isInit){} );<\/script><script type='text\/javascript'> jQuery(document).ready(function(){jQuery(document).trigger('gform_post_render', [4, 1]) } ); <\/script>\n<\/div><\/section><br \/>\n<section class=\"av_textblock_section \"  itemscope=\"itemscope\" itemtype=\"https:\/\/schema.org\/CreativeWork\" ><div class='avia_textblock prirocnik-content-forma-pripis '   itemprop=\"text\" ><p>* obvezna polja<\/p>\n<\/div><\/section><\/p><\/div>\n<\/p>\n","protected":false},"excerpt":{"rendered":"","protected":false},"author":1,"featured_media":0,"parent":0,"menu_order":0,"comment_status":"closed","ping_status":"closed","template":"","meta":[],"_links":{"self":[{"href":"https:\/\/dev.optiweb.com\/sl\/wp-json\/wp\/v2\/pages\/28525"}],"collection":[{"href":"https:\/\/dev.optiweb.com\/sl\/wp-json\/wp\/v2\/pages"}],"about":[{"href":"https:\/\/dev.optiweb.com\/sl\/wp-json\/wp\/v2\/types\/page"}],"author":[{"embeddable":true,"href":"https:\/\/dev.optiweb.com\/sl\/wp-json\/wp\/v2\/users\/1"}],"replies":[{"embeddable":true,"href":"https:\/\/dev.optiweb.com\/sl\/wp-json\/wp\/v2\/comments?post=28525"}],"version-history":[{"count":14,"href":"https:\/\/dev.optiweb.com\/sl\/wp-json\/wp\/v2\/pages\/28525\/revisions"}],"predecessor-version":[{"id":42782,"href":"https:\/\/dev.optiweb.com\/sl\/wp-json\/wp\/v2\/pages\/28525\/revisions\/42782"}],"wp:attachment":[{"href":"https:\/\/dev.optiweb.com\/sl\/wp-json\/wp\/v2\/media?parent=28525"}],"curies":[{"name":"wp","href":"https:\/\/api.w.org\/{rel}","templated":true}]}}