{"id":30306,"date":"2018-05-14T06:21:16","date_gmt":"2018-05-14T06:21:16","guid":{"rendered":"https:\/\/dev.optiweb.com\/lets-start-project-test\/"},"modified":"2019-12-17T08:41:02","modified_gmt":"2019-12-17T08:41:02","slug":"zacnimo-projekt","status":"publish","type":"page","link":"https:\/\/dev.optiweb.com\/sl\/zacnimo-projekt\/","title":{"rendered":"Za\u010dnimo projekt"},"content":{"rendered":"<div id='zacnimo-projekt-ow'  class='avia-section main_color avia-section-default avia-no-border-styling avia-bg-style-scroll  avia-builder-el-0  avia-builder-el-no-sibling   container_wrap fullsize' style=' '  ><div class='container' ><main  role=\"main\" itemprop=\"mainContentOfPage\"  class='template-page content  av-content-full alpha units'><div class='post-entry post-entry-type-page post-entry-30306'><div class='entry-content-wrapper clearfix'>\n<section class=\"av_textblock_section \"  itemscope=\"itemscope\" itemtype=\"https:\/\/schema.org\/CreativeWork\" ><div class='avia_textblock  '   itemprop=\"text\" >\n                <div class='gf_browser_gecko gform_wrapper' id='gform_wrapper_35' ><form method='post' enctype='multipart\/form-data' target='gform_ajax_frame_35' id='gform_35'  action='\/sl\/wp-json\/wp\/v2\/pages\/30306'>\n                        <div class='gform_body'><ul id='gform_fields_35' class='gform_fields top_label form_sublabel_below description_below'><li id='field_35_25'  class='gfield ah_li_hidden gfield_html gfield_no_follows_desc field_sublabel_below field_description_below gfield_visibility_visible' ><\/li><div class=\"ah_form_inner\"><div class=\"formrow activerow\" rownum=\"1\"><div class=\"ah_form_napis\">\n<h2>Pa za\u010dnimo!<\/h2> \n<div class=\"zacnimoprojekttext\">Pripravili smo nekaj vpra\u0161anj. Tako bomo hitreje ugotovili, \u010de lahko uberemo skupno pot, vzela pa vam bodo le 5 minut.<\/div><\/div><\/li><li id='field_35_1'  class='gfield gfield_contains_required field_sublabel_below field_description_below gfield_visibility_visible' ><label class='gfield_label' for='input_35_1' >Va\u0161e podjetje<span class='gfield_required'>*<\/span><\/label><div class='ginput_container ginput_container_text'><input name='input_1' id='input_35_1' type='text' value='' class='medium'    placeholder='Naziv podjetja' aria-required=\"true\" aria-invalid=\"false\" \/><\/div><\/li><li id='field_35_16'  class='gfield gfield_html gfield_no_follows_desc field_sublabel_below field_description_below gfield_visibility_visible' ><div  class=\"nextrow\">\n<span class=\"buttonnextformrow\">nadaljuj<\/span> ali pritisni Enter\n<\/div>\n<\/div>\n<div class=\"formrow\" rownum=\"2\"><\/li><li id='field_35_4'  class='gfield gfield_contains_required field_sublabel_below field_description_below gfield_visibility_visible' ><label class='gfield_label' for='input_35_4' >Ime in priimek<span class='gfield_required'>*<\/span><\/label><div class='ginput_container ginput_container_text'><input name='input_4' id='input_35_4' type='text' value='' class='medium'    placeholder='Va\u0161e ime in priimek' aria-required=\"true\" aria-invalid=\"false\" autocomplete=\"name\" \/><\/div><\/li><li id='field_35_17'  class='gfield gfield_html gfield_no_follows_desc field_sublabel_below field_description_below gfield_visibility_visible' ><div  class=\"prevrow\">\n<span class=\"buttonprevformrow\"><\/span><\/div>\n<div  class=\"nextrow\">\n<span class=\"buttonnextformrow\">nadaljuj<\/span> ali pritisni Enter\n<\/div>\n<\/div>\n<div class=\"formrow wcheckbox\" rownum=\"3\"><\/li><li id='field_35_6'  class='gfield gfield_contains_required field_sublabel_below field_description_below gfield_visibility_visible' ><label class='gfield_label' for='input_35_6' >E-mail za na\u0161o komunikacijo<span class='gfield_required'>*<\/span><\/label><div class='ginput_container ginput_container_email'>\n                            <input name='input_6' id='input_35_6' type='text' value='' class='medium'   placeholder='Va\u0161 e-mail' aria-required=\"true\" aria-invalid=\"false\" autocomplete=\"email\" \/>\n                        <\/div><\/li><li id='field_35_27'  class='gfield ah_html_hide gfield_html gfield_html_formatted gfield_no_follows_desc field_sublabel_below field_description_below gfield_visibility_visible' ><\/li>\n<div class=\"ah_dodatno_mail\"><\/li><li id='field_35_26'  class='gfield ah_check field_sublabel_below field_description_below gfield_visibility_visible' ><label class='gfield_label'  ><\/label><div class='ginput_container ginput_container_checkbox'><ul class='gfield_checkbox' id='input_35_26'><li class='gchoice_35_26_1'>\n\t\t\t\t\t\t\t\t<input name='input_26.1' type='checkbox'  value='\u010ce sem \u017ee tu, se prijavljam tudi na e-novice!'  id='choice_35_26_1'   \/>\n\t\t\t\t\t\t\t\t<label for='choice_35_26_1' id='label_35_26_1'>\u010ce sem \u017ee tu, se prijavljam tudi na e-novice!<\/label>\n\t\t\t\t\t\t\t<\/li><\/ul><\/div><div class='gfield_description' id='gfield_description_35_26'>Enkrat mese\u010dno vam bomo izbrane novosti in nasvete s podro\u010dja marketinga, spletnih strani in trgovin poslali kar na izbrani e-naslov. Prepri\u010dani smo, da boste v njih na\u0161li nekaj koristnega zase, v nasprotnem primeru pa se lahko kadarkoli tudi odjavite.<\/div><\/li><li id='field_35_18'  class='gfield gfield_html field_sublabel_below field_description_below gfield_visibility_visible' ><div  class=\"prevrow\">\n<span class=\"buttonprevformrow\"><\/span><\/div>\n<div  class=\"nextrow\">\n<span class=\"buttonnextformrow\">nadaljuj<\/span> ali pritisni  Enter\n<\/div>\n<\/div>\n<\/div>\n<div class=\"formrow\" rownum=\"4\"><\/li><li id='field_35_29'  class='gfield gfield_contains_required field_sublabel_below field_description_below gfield_visibility_visible' ><label class='gfield_label' for='input_35_29' >Na katero \u0161tevilko vas lahko pokli\u010demo?<span class='gfield_required'>*<\/span><\/label><div class='ginput_container ginput_container_phone'><input name='input_29' id='input_35_29' type='text' value='' class='medium'   aria-required=\"true\" aria-invalid=\"false\" autocomplete=\"tel\"  \/><\/div><\/li><li id='field_35_19'  class='gfield gfield_html gfield_no_follows_desc field_sublabel_below field_description_below gfield_visibility_visible' ><div  class=\"prevrow\">\n<span class=\"buttonprevformrow\"><\/span><\/div>\n<div  class=\"nextrow\">\n<span class=\"buttonnextformrow\">nadaljuj<\/span> ali pritisni Enter\n<\/div>\n<\/div>\n<div class=\"formrow\" rownum=\"5\"><\/li><li id='field_35_8'  class='gfield field_sublabel_below field_description_below gfield_visibility_visible' ><label class='gfield_label' for='input_35_8' >Naslov obstoje\u010de spletne strani<\/label><div class='ginput_container ginput_container_text'><input name='input_8' id='input_35_8' type='text' value='' class='medium'    placeholder='Va\u0161a obstoje\u010da spletna stran'  aria-invalid=\"false\" autocomplete=\"url\" \/><\/div><\/li><li id='field_35_20'  class='gfield gfield_html gfield_no_follows_desc field_sublabel_below field_description_below gfield_visibility_visible' ><div  class=\"prevrow\">\n<span class=\"buttonprevformrow\"><\/span><\/div>\n<div  class=\"nextrow\">\n<span class=\"buttonnextformrow\">nadaljuj<\/span> ali pritisni Enter\n<\/div>\n<\/div>\n<div class=\"formrow\" rownum=\"6\"><\/li><li id='field_35_12'  class='gfield ah_same_check gfield_contains_required field_sublabel_below field_description_below gfield_visibility_visible' ><label class='gfield_label'  >Kje vam lahko prisko\u010dimo na pomo\u010d?<span class='gfield_required'>*<\/span><\/label><div class='ginput_container ginput_container_checkbox'><ul class='gfield_checkbox' id='input_35_12'><li class='gchoice_35_12_1'>\n\t\t\t\t\t\t\t\t<input name='input_12.1' type='checkbox'  value='Spletna stran'  id='choice_35_12_1'   \/>\n\t\t\t\t\t\t\t\t<label for='choice_35_12_1' id='label_35_12_1'>Spletna stran<\/label>\n\t\t\t\t\t\t\t<\/li><li class='gchoice_35_12_2'>\n\t\t\t\t\t\t\t\t<input name='input_12.2' type='checkbox'  value='Trgovina'  id='choice_35_12_2'   \/>\n\t\t\t\t\t\t\t\t<label for='choice_35_12_2' id='label_35_12_2'>Trgovina<\/label>\n\t\t\t\t\t\t\t<\/li><li class='gchoice_35_12_3'>\n\t\t\t\t\t\t\t\t<input name='input_12.3' type='checkbox'  value='Optimizacija za iskalnike (SEO)'  id='choice_35_12_3'   \/>\n\t\t\t\t\t\t\t\t<label for='choice_35_12_3' id='label_35_12_3'>Optimizacija za iskalnike (SEO)<\/label>\n\t\t\t\t\t\t\t<\/li><li class='gchoice_35_12_4'>\n\t\t\t\t\t\t\t\t<input name='input_12.4' type='checkbox'  value='Spletno ogla\u0161evanje'  id='choice_35_12_4'   \/>\n\t\t\t\t\t\t\t\t<label for='choice_35_12_4' id='label_35_12_4'>Spletno ogla\u0161evanje<\/label>\n\t\t\t\t\t\t\t<\/li><li class='gchoice_35_12_5'>\n\t\t\t\t\t\t\t\t<input name='input_12.5' type='checkbox'  value='UI\/UX spletno oblikovanje'  id='choice_35_12_5'   \/>\n\t\t\t\t\t\t\t\t<label for='choice_35_12_5' id='label_35_12_5'>UI\/UX spletno oblikovanje<\/label>\n\t\t\t\t\t\t\t<\/li><li class='gchoice_35_12_6'>\n\t\t\t\t\t\t\t\t<input name='input_12.6' type='checkbox'  value='Drugo'  id='choice_35_12_6'   \/>\n\t\t\t\t\t\t\t\t<label for='choice_35_12_6' id='label_35_12_6'>Drugo<\/label>\n\t\t\t\t\t\t\t<\/li><\/ul><\/div><\/li><li id='field_35_21'  class='gfield gfield_html gfield_no_follows_desc field_sublabel_below field_description_below gfield_visibility_visible' ><div  class=\"prevrow\">\n<span class=\"buttonprevformrow\"><\/span><\/div>\n<div  class=\"nextrow\">\n<span class=\"buttonnextformrow\">nadaljuj<\/span> ali pritisni Enter\n<\/div>\n<\/div>\n<div class=\"formrow ah_last_row\" rownum=\"7\"><\/li><li id='field_35_13'  class='gfield gfield_contains_required field_sublabel_below field_description_below gfield_visibility_visible' ><label class='gfield_label' for='input_35_13' >Kratek opis projekta<span class='gfield_required'>*<\/span><\/label><div class='ginput_container ginput_container_textarea'><textarea name='input_13' id='input_35_13' class='textarea medium'  aria-describedby=\"gfield_description_35_13\"   aria-required=\"true\" aria-invalid=\"false\"   rows='10' cols='50' data-gramm_editor=false><\/textarea><\/div><div class='gfield_description' id='gfield_description_35_13'>- S \u010dim se va\u0161e podjetje ukvarja \u2013 kaj so va\u0161e glavne storitve, dejavnosti, produkti?<br>\n- Kaj so glavni cilji projekta (z vidika poslovanja, pridobivanja prihodkov, tr\u017eenja in ostalih procesov)? <br>\n- Kaj so va\u0161e glavne te\u017eave oz. izzivi, ki bi jih s projektom lahko odpravili? <br>\n- Kdo so va\u0161i konkurenti (market leader), kaj je va\u0161a razlikovalna lastnost in kaj va\u0161a konkuren\u010dna prednost?<\/div><\/li><li id='field_35_30'  class='gfield uploadFileOW field_sublabel_below field_description_below gfield_visibility_visible' ><label class='gfield_label' for='input_35_30' >Dodaj dokument<\/label><div class='ginput_container ginput_container_fileupload'><input type='hidden' name='MAX_FILE_SIZE' value='2097152' \/><input name='input_30' id='input_35_30' type='file' class='medium' aria-describedby='validation_message_35_30 live_validation_message_35_30 extensions_message_35_30' onchange='javascript:gformValidateFileSize( this, 2097152 );'  \/><span id='extensions_message_35_30' class='screen-reader-text'>Accepted file types: pdf, doc, docx, jpg, jpeg, png.<\/span><div class='validation_message' id='live_validation_message_35_30'><\/div><\/div><div class='gfield_description' id='gfield_description_35_30'><label for=\"input_35_30\" class=\"choseFileOW\">Izberite datoteko<\/label>\n\n<p class=\"formTextOW\">- Sprejemamo PDF, DOC, DOCX, JPG in PNG datoteke<\/p>\n\n<div id=\"p1\" class=\"fileNameOW\"><\/div><\/div><\/li><li id='field_35_23'  class='gfield last_html gfield_html field_sublabel_below field_description_below gfield_visibility_visible' ><div  class=\"prevrow\">\n<span class=\"buttonprevformrow\"><\/span><\/div>\n<\/div><\/div><\/li>\n                            <\/ul><\/div>\n        <div class='gform_footer top_label'> <input type='submit' id='gform_submit_button_35' class='gform_button button' value='Po\u0161lji'  onclick='if(window[\"gf_submitting_35\"]){return false;}  window[\"gf_submitting_35\"]=true;  ' onkeypress='if( event.keyCode == 13 ){ if(window[\"gf_submitting_35\"]){return false;} window[\"gf_submitting_35\"]=true;  jQuery(\"#gform_35\").trigger(\"submit\",[true]); }' \/> <input type='hidden' name='gform_ajax' value='form_id=35&amp;title=&amp;description=&amp;tabindex=0' \/>\n            <input type='hidden' class='gform_hidden' name='is_submit_35' value='1' \/>\n            <input type='hidden' class='gform_hidden' name='gform_submit' value='35' \/>\n            \n            <input type='hidden' class='gform_hidden' name='gform_unique_id' value='' \/>\n            <input type='hidden' class='gform_hidden' name='state_35' value='WyJbXSIsIjMyY2Y3NDEyZjg0ZmZiNzZhZjE4OGZkYWZmOGQ2MzhmIl0=' \/>\n            <input type='hidden' class='gform_hidden' name='gform_target_page_number_35' id='gform_target_page_number_35' value='0' \/>\n            <input type='hidden' class='gform_hidden' name='gform_source_page_number_35' id='gform_source_page_number_35' value='1' \/>\n            <input type='hidden' name='gform_field_values' value='' \/>\n            \n        <\/div>\n                        <\/form>\n                        <\/div>\n                <iframe style='display:none;width:0px;height:0px;' src='about:blank' name='gform_ajax_frame_35' id='gform_ajax_frame_35'>This iframe contains the logic required to handle Ajax powered Gravity Forms.<\/iframe>\n                <script type='text\/javascript'>jQuery(document).ready(function($){gformInitSpinner( 35, 'https:\/\/dev.optiweb.com\/wp-content\/plugins\/gravityforms\/images\/spinner.gif' );jQuery('#gform_ajax_frame_35').on('load',function(){var contents = jQuery(this).contents().find('*').html();var is_postback = contents.indexOf('GF_AJAX_POSTBACK') >= 0;if(!is_postback){return;}var form_content = jQuery(this).contents().find('#gform_wrapper_35');var is_confirmation = jQuery(this).contents().find('#gform_confirmation_wrapper_35').length > 0;var is_redirect = contents.indexOf('gformRedirect(){') >= 0;var is_form = form_content.length > 0 && ! is_redirect && ! is_confirmation;var mt = parseInt(jQuery('html').css('margin-top'), 10) + parseInt(jQuery('body').css('margin-top'), 10) + 100;if(is_form){jQuery('#gform_wrapper_35').html(form_content.html());if(form_content.hasClass('gform_validation_error')){jQuery('#gform_wrapper_35').addClass('gform_validation_error');} else {jQuery('#gform_wrapper_35').removeClass('gform_validation_error');}setTimeout( function() { \/* delay the scroll by 50 milliseconds to fix a bug in chrome *\/  }, 50 );if(window['gformInitDatepicker']) {gformInitDatepicker();}if(window['gformInitPriceFields']) {gformInitPriceFields();}var current_page = jQuery('#gform_source_page_number_35').val();gformInitSpinner( 35, 'https:\/\/dev.optiweb.com\/wp-content\/plugins\/gravityforms\/images\/spinner.gif' );jQuery(document).trigger('gform_page_loaded', [35, current_page]);window['gf_submitting_35'] = false;}else if(!is_redirect){var confirmation_content = jQuery(this).contents().find('.GF_AJAX_POSTBACK').html();if(!confirmation_content){confirmation_content = contents;}setTimeout(function(){jQuery('#gform_wrapper_35').replaceWith(confirmation_content);jQuery(document).trigger('gform_confirmation_loaded', [35]);window['gf_submitting_35'] = false;}, 50);}else{jQuery('#gform_35').append(contents);if(window['gformRedirect']) {gformRedirect();}}jQuery(document).trigger('gform_post_render', [35, current_page]);} );} );<\/script><script type='text\/javascript'> jQuery(document).bind('gform_post_render', function(event, formId, currentPage){if(formId == 35) {if(typeof Placeholders != 'undefined'){\n                        Placeholders.enable();\n                    }} } );jQuery(document).bind('gform_post_conditional_logic', function(event, formId, fields, isInit){} );<\/script><script type='text\/javascript'> jQuery(document).ready(function(){jQuery(document).trigger('gform_post_render', [35, 1]) } ); <\/script>\n<\/div><\/section>\n\n","protected":false},"excerpt":{"rendered":"","protected":false},"author":1,"featured_media":0,"parent":0,"menu_order":0,"comment_status":"closed","ping_status":"closed","template":"","meta":[],"_links":{"self":[{"href":"https:\/\/dev.optiweb.com\/sl\/wp-json\/wp\/v2\/pages\/30306"}],"collection":[{"href":"https:\/\/dev.optiweb.com\/sl\/wp-json\/wp\/v2\/pages"}],"about":[{"href":"https:\/\/dev.optiweb.com\/sl\/wp-json\/wp\/v2\/types\/page"}],"author":[{"embeddable":true,"href":"https:\/\/dev.optiweb.com\/sl\/wp-json\/wp\/v2\/users\/1"}],"replies":[{"embeddable":true,"href":"https:\/\/dev.optiweb.com\/sl\/wp-json\/wp\/v2\/comments?post=30306"}],"version-history":[{"count":4,"href":"https:\/\/dev.optiweb.com\/sl\/wp-json\/wp\/v2\/pages\/30306\/revisions"}],"predecessor-version":[{"id":40224,"href":"https:\/\/dev.optiweb.com\/sl\/wp-json\/wp\/v2\/pages\/30306\/revisions\/40224"}],"wp:attachment":[{"href":"https:\/\/dev.optiweb.com\/sl\/wp-json\/wp\/v2\/media?parent=30306"}],"curies":[{"name":"wp","href":"https:\/\/api.w.org\/{rel}","templated":true}]}}