{"id":41648,"date":"2020-05-18T07:58:04","date_gmt":"2020-05-18T07:58:04","guid":{"rendered":"https:\/\/dev.optiweb.com\/?page_id=41648"},"modified":"2020-06-29T12:27:13","modified_gmt":"2020-06-29T12:27:13","slug":"nacrtovanje-uporabniske-izkusnje-in-oblikovanje-spletne-strani","status":"publish","type":"page","link":"https:\/\/dev.optiweb.com\/sl\/storitve\/izdelava-spletnih-strani\/nacrtovanje-uporabniske-izkusnje-in-oblikovanje-spletne-strani\/","title":{"rendered":"Na\u010drtovanje uporabni\u0161ke izku\u0161nje in oblikovanje spletne strani"},"content":{"rendered":"<div id='header-storitev'  class='avia-section main_color avia-section-default avia-no-shadow avia-bg-style-scroll  avia-builder-el-0  el_before_av_section  avia-builder-el-first   container_wrap fullsize' style='background-repeat: no-repeat; background-image: url(https:\/\/dev.optiweb.com\/wp-content\/uploads\/2020\/06\/1-Nacrtovanje-uporabniske-izkusnje-in-oblikovanje-spletne-strani-1030x687.jpg);background-attachment: scroll; background-position: center center;  '  data-section-bg-repeat='no-repeat'><div class='container' ><main  role=\"main\" itemprop=\"mainContentOfPage\"  class='template-page content  av-content-full alpha units'><div class='post-entry post-entry-type-page post-entry-41648'><div class='entry-content-wrapper clearfix'>\n<section class=\"av_textblock_section \"  itemscope=\"itemscope\" itemtype=\"https:\/\/schema.org\/CreativeWork\" ><div class='avia_textblock  '   itemprop=\"text\" ><div class=\"ah_bread\"><a href=\"https:\/\/dev.optiweb.com\/sl\/storitve\/\">Storitve<\/a> \/ <a href=\"https:\/\/dev.optiweb.com\/sl\/storitve\/izdelava-spletnih-strani\/\">Spletne strani<\/a> \/ Na\u010drtovanje uporabni\u0161ke izku\u0161nje in oblikovanje spletne strani<\/div>\n<h1>Na\u010drtovanje uporabni\u0161ke izku\u0161nje in oblikovanje spletne strani<\/h1>\n<p class=\"p1\"><span class=\"s1\">UX &amp; UI (User Experience an User Interface design)<\/span><\/p>\n<\/div><\/section>\n\n<\/div><\/div><\/main><!-- close content main element --><\/div><\/div><div id='kategorije-front'  class='avia-section main_color avia-section-default avia-no-shadow avia-bg-style-scroll  avia-builder-el-2  el_after_av_section  el_before_av_layout_row  borderedsections  container_wrap fullsize' style=' '  ><div class='container' ><div class='template-page content  av-content-full alpha units'><div class='post-entry post-entry-type-page post-entry-41648'><div class='entry-content-wrapper clearfix'>\n<div class=\"flex_column av_one_full  flex_column_div av-zero-column-padding first  avia-builder-el-3  avia-builder-el-no-sibling  \" style='border-radius:0px; '><section class=\"av_textblock_section \"  itemscope=\"itemscope\" itemtype=\"https:\/\/schema.org\/CreativeWork\" ><div class='avia_textblock fw '   itemprop=\"text\" ><h2 style=\"text-align: center;\">Kako vam lahko pomagamo<\/h2>\n<\/div><\/section><br \/>\n<section class=\"av_textblock_section \"  itemscope=\"itemscope\" itemtype=\"https:\/\/schema.org\/CreativeWork\" ><div class='avia_textblock  '   itemprop=\"text\" ><div class=\"storitvewrap floatme borderedsections\"><a class=\"av_one_third\" href=\"https:\/\/dev.optiweb.com\/sl\/zacnimo-projekt\/\"><div class=\"storitevicon\"><img class=\"style-svg\" src=\"https:\/\/dev.optiweb.com\/wp-content\/uploads\/2020\/05\/2-UX-UI-1.svg\"><\/div><div class=\"storitevnaslov\">UX ali UI novega spletnega mesta<\/div><div class=\"storitevopis\"><p>Pomagamo vam pri na\u010drtovanju va\u0161ega novega spletnega mesta (<span style=\"font-weight: bold;\">spletna uporabnost &#8211; UX<\/span>) ali pa le-tega oble\u010demo v novo vizualno podobo (<span style=\"font-weight: bold;\">oblikovanje &#8211; UI<\/span>).<\/p>\n<\/div><div class=\"linkstoritev\">Naro\u010dite novo spletno mesto<\/div><\/a><a class=\"av_one_third\" href=\"https:\/\/dev.optiweb.com\/sl\/cro-analiza\/\"><div class=\"storitevicon\"><img class=\"style-svg\" src=\"https:\/\/dev.optiweb.com\/wp-content\/uploads\/2020\/05\/2-UX-analiza-1.svg\"><\/div><div class=\"storitevnaslov\">UX analiza obstoje\u010dega spletnega mesta<\/div><div class=\"storitevopis\"><p>Pri UX analizi naredimo <span style=\"font-weight: bold;\">pregled uporabnosti va\u0161ega spletnega mesta<\/span>. Pregled je narejen na podlagi dobrih praks na\u010drtovanja uporabni\u0161ke izku\u0161nje.<br \/>\nUX analiza je lahko tudi del obse\u017enej\u0161e CRO analize.<\/p>\n<\/div><div class=\"linkstoritev\">Preverite<\/div><\/a><a class=\"av_one_third\" href=\"https:\/\/dev.optiweb.com\/sl\/cro-analiza\/\"><div class=\"storitevicon\"><img class=\"style-svg\" src=\"https:\/\/dev.optiweb.com\/wp-content\/uploads\/2020\/05\/2-CRO-analiza-1.svg\"><\/div><div class=\"storitevnaslov\">CRO analiza obstoje\u010dega spletnega mesta<\/div><div class=\"storitevopis\"><p>CRO analiza je celostni pregled va\u0161ega spletnega mesta. Preverimo vse <span style=\"font-weight: bold;\">od analitike do kon\u010dnih uporabnikov<\/span> s katerimi izvedemo tudi teste<\/p>\n<\/div><div class=\"linkstoritev\">Naro\u010dite svojo CRO analizo<\/div><\/a><\/div>\n<\/div><\/section><\/p><\/div>\n\n<\/div><\/div><\/div><!-- close content main div --><\/div><\/div><div id='spletni-trendi'  class='av-layout-grid-container entry-content-wrapper main_color av-flex-cells     avia-builder-el-6  el_after_av_section  el_before_av_section  submenu-not-first container_wrap fullsize' style=' '  >\n<div class=\"flex_cell no_margin av_one_half  avia-builder-el-7  el_before_av_cell_one_half  avia-builder-el-first   avia-full-stretch av-zero-padding \" style='vertical-align:middle; padding:0px; '><div class='flex_cell_inner' ><div  class='avia-image-container  av-styling-    avia-builder-el-8  avia-builder-el-no-sibling  overlayedimg avia-align-center '  itemprop=\"image\" itemscope=\"itemscope\" itemtype=\"https:\/\/schema.org\/ImageObject\"  ><div class='avia-image-container-inner'><div class='avia-image-overlay-wrap'><img class='avia_image' src='https:\/\/dev.optiweb.com\/wp-content\/uploads\/2020\/05\/3-Optiweb-Nacrtovanje-uporabniske-izkusnje.jpg' alt='Na\u010drtovanje uporabni\u0161ke izku\u0161nje' title='3-Optiweb-Nacrtovanje-uporabniske-izkusnje' height=\"620\" width=\"1015\"  itemprop=\"thumbnailUrl\"  \/><\/div><\/div><\/div>\n<\/div><\/div><div class=\"flex_cell no_margin av_one_half  avia-builder-el-9  el_after_av_cell_one_half  avia-builder-el-last   \" style='vertical-align:middle; padding:0px 0px 0px 60px ; '><div class='flex_cell_inner' ><section class=\"av_textblock_section \"  itemscope=\"itemscope\" itemtype=\"https:\/\/schema.org\/CreativeWork\" ><div class='avia_textblock  '   itemprop=\"text\" ><h2>Na\u010drtovanje uporabni\u0161ke izku\u0161nje<\/h2>\n<p>oziroma <em>UX (User Experience)<\/em> design je pomemben proces pri razvoju spletnega mesta, skozi katerega ustvarjamo <strong>smiselne in intuitivne povezave<\/strong> za uporabnike va\u0161e spletne strani ali trgovine.<\/p>\n<\/div><\/section>\n<\/div><\/div>\n<\/div>\n<div id='av_section_3'  class='avia-section main_color avia-section-default avia-no-shadow avia-bg-style-scroll  avia-builder-el-11  el_after_av_layout_row  el_before_av_section  numberedsection ah_no_border  container_wrap fullsize' style=' '  ><div class='container' ><div class='template-page content  av-content-full alpha units'><div class='post-entry post-entry-type-page post-entry-41648'><div class='entry-content-wrapper clearfix'>\n<div class=\"flex_column av_one_full  flex_column_div av-zero-column-padding first  avia-builder-el-12  avia-builder-el-no-sibling  \" style='border-radius:0px; '><section class=\"av_textblock_section \"  itemscope=\"itemscope\" itemtype=\"https:\/\/schema.org\/CreativeWork\" ><div class='avia_textblock fw '   itemprop=\"text\" ><h2>Kaj je UX?<\/h2>\n<\/div><\/section><br \/>\n<section class=\"av_textblock_section \"  itemscope=\"itemscope\" itemtype=\"https:\/\/schema.org\/CreativeWork\" ><div class='avia_textblock quote '   itemprop=\"text\" ><p>Kdo je va\u0161a stranka? Kak\u0161ne potrebe in \u017eelje ima? Kak\u0161ni so va\u0161i cilji? Kako optimizirati va\u0161e delovanje? Kako spletno mesto narediti bolj prodajno? Kako bodo online spremembe vplivale na va\u0161e offline delovanje?<\/p>\n<\/div><\/section><br \/>\n<section class=\"av_textblock_section \"  itemscope=\"itemscope\" itemtype=\"https:\/\/schema.org\/CreativeWork\" ><div class='avia_textblock quote '   itemprop=\"text\" ><p>Vse to, in \u0161e bi lahko na\u0161tevali, imajo v mislih <strong>na\u010drtovalci uporabni\u0161ke izku\u0161nje<\/strong> <em>(User Experience design)<\/em>.<\/p>\n<\/div><\/section><\/p><\/div>\n\n<\/div><\/div><\/div><!-- close content main div --><\/div><\/div><div id='mnenja-strank'  class='avia-section main_color avia-section-default avia-no-shadow avia-bg-style-scroll  avia-builder-el-16  el_after_av_section  el_before_av_section   av-minimum-height av-minimum-height-custom  container_wrap fullsize' style='background-repeat: no-repeat; background-image: url(https:\/\/dev.optiweb.com\/wp-content\/uploads\/2020\/06\/5-Mnenja-reference-1030x697.jpg);background-attachment: scroll; background-position: top left;  '  data-section-bg-repeat='no-repeat'><div class='container' style='height:890px'><div class='template-page content  av-content-full alpha units'><div class='post-entry post-entry-type-page post-entry-41648'><div class='entry-content-wrapper clearfix'>\n<div class=\"flex_column av_one_fourth  flex_column_div av-zero-column-padding first  avia-builder-el-17  el_before_av_one_half  avia-builder-el-first  \" style='border-radius:0px; '><section class=\"av_textblock_section \"  itemscope=\"itemscope\" itemtype=\"https:\/\/schema.org\/CreativeWork\" ><div class='avia_textblock  '   itemprop=\"text\" ><h2>Radi se<br \/>\n<strong>dru\u017eimo<\/strong><\/h2>\n<\/div><\/section><br \/>\n<section class=\"av_textblock_section \"  itemscope=\"itemscope\" itemtype=\"https:\/\/schema.org\/CreativeWork\" ><div class='avia_textblock  '   itemprop=\"text\" ><p>in hvale\u017eni smo za mo\u017enost sodelovanja z izjemnimi ljudmi.<\/p>\n<\/div><\/section><\/p><\/div><div class=\"flex_column av_one_half  flex_column_div av-zero-column-padding   avia-builder-el-20  el_after_av_one_fourth  el_before_av_one_fourth  \" style='border-radius:0px; '><section class=\"av_textblock_section \"  itemscope=\"itemscope\" itemtype=\"https:\/\/schema.org\/CreativeWork\" ><div class='avia_textblock  '   itemprop=\"text\" ><div class=\"mnenja-wrap-outer\"><div class=\"mnenja-wrap\"><div class=\"posamezno-mnenje\"><div class=\"mnenjetext\"><p>Ko pomislim na Optiweb, imam pred o\u010dmi osebe, ki so v mojih o\u010deh postavile visoke standarde. \u010ce bi ponovno iskala ekipo, kateri bi zaupala projekt prenove, bi ekipo sestavila iz teh strokovnjakov. Ekipa je bila popolna. V vseh pogledih. Tako na podro\u010dju idej, odzivnosti, prakti\u010dnosti, motivacije, ko tr\u010di\u0161 ob zid ? kot tudi na podro\u010dju upo\u0161tevanja \u017eelja in zmo\u017enosti iz finan\u010dnega in tehni\u010dnega vidika.<\/p>\n<p>Nekdo se morda ustra\u0161i, ker je Optiweb \u00bbdale\u010d\u00ab (\u0160kofja Loka), a naj povem, da smo to re\u0161evali na zelo eleganten na\u010din. Sestanki so bili najbolj efektivni skype \u2013 sestanki od vseh. In to v \u010dasih, ko si nismo \u0161e niti predstavljali, da bo tak na\u010din sestankovanja kmalu del na\u0161ega vsakdana (#covid19) ?. Zato lahko re\u010dem, da ima Optiweb ekipa tudi nekaj nadnaravnih sposobnosti \u00e0 zelo dobro namre\u010d vidijo v prihodnost ?. Optiweb bi priporo\u010dila brez pomisleka.<\/p>\n<\/div><div class=\"mnenjeime\">Jelena Komneni\u010d<\/div><div class=\"mnenjepozicija\">Prodajni oddelek, Coris<\/div><\/div><\/div><\/div><div class=\"mnenja-nav\"><\/div>\n<\/div><\/section><\/div><div class=\"flex_column av_one_fourth  flex_column_div av-zero-column-padding   avia-builder-el-22  el_after_av_one_half  avia-builder-el-last  \" style='border-radius:0px; '><\/div>\n\n<\/div><\/div><\/div><!-- close content main div --><\/div><\/div><div id='prednosti'  class='avia-section main_color avia-section-default avia-no-shadow avia-bg-style-scroll  avia-builder-el-23  el_after_av_section  el_before_av_layout_row   container_wrap fullsize' style=' '  ><div class='container' ><div class='template-page content  av-content-full alpha units'><div class='post-entry post-entry-type-page post-entry-41648'><div class='entry-content-wrapper clearfix'>\n<section class=\"av_textblock_section \"  itemscope=\"itemscope\" itemtype=\"https:\/\/schema.org\/CreativeWork\" ><div class='avia_textblock  '   itemprop=\"text\" ><h2>Nekaj klju\u010dnih pojmov<\/h2>\n<\/div><\/section>\n<div class=\"flex_column av_one_third  flex_column_div av-zero-column-padding first  avia-builder-el-25  el_after_av_textblock  el_before_av_one_third  column-top-margin\" style='border-radius:0px; '><p><div  class='avia-image-container  av-styling-    avia-builder-el-26  el_before_av_textblock  avia-builder-el-first  avia-align-center '  itemprop=\"image\" itemscope=\"itemscope\" itemtype=\"https:\/\/schema.org\/ImageObject\"  ><div class='avia-image-container-inner'><div class='avia-image-overlay-wrap'><img class='avia_image' src='https:\/\/dev.optiweb.com\/wp-content\/uploads\/2020\/05\/6-buyer-personas.svg' alt='Ciljna publika' title='6-buyer-personas'   itemprop=\"thumbnailUrl\"  \/><\/div><\/div><\/div><br \/>\n<section class=\"av_textblock_section \"  itemscope=\"itemscope\" itemtype=\"https:\/\/schema.org\/CreativeWork\" ><div class='avia_textblock  '   itemprop=\"text\" ><p><strong>Klju\u010dne stranke<\/strong><\/p>\n<p><span style=\"font-style: italic;\">Buyer persona<\/span> je profil <span style=\"font-weight: bold;\">va\u0161e ciljne publike<\/span>, narejen na podlagi analize va\u0161ih strank. Profil vklju\u010duje demografske podatke, navade, motivi, potrebe, vrednote itd<\/p>\n<\/div><\/section><\/p><\/div><div class=\"flex_column av_one_third  flex_column_div av-zero-column-padding   avia-builder-el-28  el_after_av_one_third  el_before_av_one_third  column-top-margin\" style='border-radius:0px; '><p><div  class='avia-image-container  av-styling-    avia-builder-el-29  el_before_av_textblock  avia-builder-el-first  avia-align-center '  itemprop=\"image\" itemscope=\"itemscope\" itemtype=\"https:\/\/schema.org\/ImageObject\"  ><div class='avia-image-container-inner'><div class='avia-image-overlay-wrap'><img class='avia_image' src='https:\/\/dev.optiweb.com\/wp-content\/uploads\/2020\/05\/6-mindmap.svg' alt='Informacijska arhitektura' title='6-mindmap'   itemprop=\"thumbnailUrl\"  \/><\/div><\/div><\/div><br \/>\n<section class=\"av_textblock_section \"  itemscope=\"itemscope\" itemtype=\"https:\/\/schema.org\/CreativeWork\" ><div class='avia_textblock  '   itemprop=\"text\" ><p><strong>Informacijska arhitektura<\/strong><\/p>\n<p><span style=\"font-style: italic;\">Information architecture (IA)<\/span> je razporeditev vsebine tako, da najbolj\u0161e <span style=\"font-weight: bold;\">predstavi va\u0161o ponudbo<\/span> in hkrati upo\u0161teva va\u0161o ciljno publiko.<\/p>\n<\/div><\/section><\/p><\/div><div class=\"flex_column av_one_third  flex_column_div av-zero-column-padding   avia-builder-el-31  el_after_av_one_third  avia-builder-el-last  column-top-margin\" style='border-radius:0px; '><p><div  class='avia-image-container  av-styling-    avia-builder-el-32  el_before_av_textblock  avia-builder-el-first  avia-align-center '  itemprop=\"image\" itemscope=\"itemscope\" itemtype=\"https:\/\/schema.org\/ImageObject\"  ><div class='avia-image-container-inner'><div class='avia-image-overlay-wrap'><img class='avia_image' src='https:\/\/dev.optiweb.com\/wp-content\/uploads\/2020\/05\/6-user-flow.svg' alt='' title='6-user-flow'   itemprop=\"thumbnailUrl\"  \/><\/div><\/div><\/div><br \/>\n<section class=\"av_textblock_section \"  itemscope=\"itemscope\" itemtype=\"https:\/\/schema.org\/CreativeWork\" ><div class='avia_textblock  '   itemprop=\"text\" ><p><strong>Pot uporabnika<\/strong><\/p>\n<p><span style=\"font-style: italic;\">User flow<\/span> je pot, ki jo uporabnik spletnega mesta\/kupec \u201cprehodi\u201d, da pride do to\u010dke, ki smo jo mi ozna\u010dili kot <span style=\"font-weight: bold;\">cilj<\/span>. To je lahko opravljen nakup ali pa le izpoljnen obrazec.<\/p>\n<\/div><\/section><\/p><\/div>\n\n<\/div><\/div><\/div><!-- close content main div --><\/div><\/div><div id='spletni-trendi'  class='av-layout-grid-container entry-content-wrapper main_color av-flex-cells     avia-builder-el-34  el_after_av_section  el_before_av_section  submenu-not-first container_wrap fullsize' style=' '  >\n<div class=\"flex_cell no_margin av_one_half  avia-builder-el-35  el_before_av_cell_one_half  avia-builder-el-first   avia-full-stretch av-zero-padding \" style='vertical-align:middle; padding:0px; '><div class='flex_cell_inner' ><div  class='avia-image-container  av-styling-    avia-builder-el-36  avia-builder-el-no-sibling  overlayedimg avia-align-center '  itemprop=\"image\" itemscope=\"itemscope\" itemtype=\"https:\/\/schema.org\/ImageObject\"  ><div class='avia-image-container-inner'><div class='avia-image-overlay-wrap'><img class='avia_image' src='https:\/\/dev.optiweb.com\/wp-content\/uploads\/2020\/05\/7-Zicni-diagrami-wireframes.jpg' alt='\u017di\u010dni diagrami wireframes' title='7-Zicni-diagrami-wireframes' height=\"620\" width=\"1015\"  itemprop=\"thumbnailUrl\"  \/><\/div><\/div><\/div>\n<\/div><\/div><div class=\"flex_cell no_margin av_one_half  avia-builder-el-37  el_after_av_cell_one_half  avia-builder-el-last   \" style='vertical-align:middle; padding:0px 0px 0px 60px ; '><div class='flex_cell_inner' ><section class=\"av_textblock_section \"  itemscope=\"itemscope\" itemtype=\"https:\/\/schema.org\/CreativeWork\" ><div class='avia_textblock  '   itemprop=\"text\" ><h2>\u017di\u010dni diagrami<\/h2>\n<p>ali <em>wireframes<\/em> so mnogo ve\u010d kot le sivi kvadrati in karikiran font. So ogrodje spletnih mest in orodje, s katerim <strong>preverimo razporeditev vsebine<\/strong>. So vse potrebne informacije in klici k akcijam na pravih mestih, je pot uporabnika smiselno zastavljena, so izpostavljene pravilne informacije?<\/p>\n<\/div><\/section>\n<\/div><\/div>\n<\/div>\n<div id='av_section_6'  class='avia-section main_color avia-section-default avia-no-shadow avia-bg-style-scroll  avia-builder-el-39  el_after_av_layout_row  el_before_av_layout_row  numberedsection ah_no_border  container_wrap fullsize' style=' '  ><div class='container' ><div class='template-page content  av-content-full alpha units'><div class='post-entry post-entry-type-page post-entry-41648'><div class='entry-content-wrapper clearfix'>\n<div class=\"flex_column av_one_full  flex_column_div av-zero-column-padding first  avia-builder-el-40  avia-builder-el-no-sibling  \" style='border-radius:0px; '><section class=\"av_textblock_section \"  itemscope=\"itemscope\" itemtype=\"https:\/\/schema.org\/CreativeWork\" ><div class='avia_textblock fw '   itemprop=\"text\" ><h2>Kaj je UI?<\/h2>\n<\/div><\/section><br \/>\n<section class=\"av_textblock_section \"  itemscope=\"itemscope\" itemtype=\"https:\/\/schema.org\/CreativeWork\" ><div class='avia_textblock quote '   itemprop=\"text\" ><p>Verjetno najbolj zabaven del izdelave spletnega mesta za marsikaterega naro\u010dnika je <strong>oblikovanje spletnega mesta<\/strong> <em>(User Interface design)<\/em>.<\/p>\n<\/div><\/section><br \/>\n<section class=\"av_textblock_section \"  itemscope=\"itemscope\" itemtype=\"https:\/\/schema.org\/CreativeWork\" ><div class='avia_textblock quote '   itemprop=\"text\" ><p>Govorimo o slikah, oblikah, barvah in pisavah, ter razmi\u0161ljamo o tonu komunikacije in na koncu o ob\u010dutkih, ki jih \u017eelimo s spletnim produktom ustvariti v uporabnikih.<\/p>\n<\/div><\/section><\/p><\/div>\n\n<\/div><\/div><\/div><!-- close content main div --><\/div><\/div><div id='av-layout-grid-3'  class='av-layout-grid-container entry-content-wrapper main_color av-flex-cells     avia-builder-el-44  el_after_av_section  el_before_av_layout_row  ah_galerija_onas submenu-not-first container_wrap fullsize' style=' '  >\n<div class=\"flex_cell no_margin av_one_full  avia-builder-el-45  avia-builder-el-no-sibling   av-zero-padding \" style='vertical-align:top; padding:0px; '><div class='flex_cell_inner' ><section class=\"av_textblock_section \"  itemscope=\"itemscope\" itemtype=\"https:\/\/schema.org\/CreativeWork\" ><div class='avia_textblock  '   itemprop=\"text\" ><div class=\"galwrap\"><div class=\"av_one_third\"><div class=\"galbigimg overlayedimg color1 \" style=\"background-image:url(https:\/\/dev.optiweb.com\/wp-content\/uploads\/2020\/06\/81-reference-Mass.jpg)\"><\/div><\/div><div class=\"av_two_third\"><div class=\"galwideimg overlayedimg color2 \" style=\"background-image:url(https:\/\/dev.optiweb.com\/wp-content\/uploads\/2020\/06\/82-reference-Novak-M.jpg)\"><\/div><div class=\"galsmallimg overlayedimg color3\" style=\"background-image:url(https:\/\/dev.optiweb.com\/wp-content\/uploads\/2020\/06\/83-reference-Pivka.jpg)\"><\/div><div class=\"galsmallimg overlayedimg color4\" style=\"background-image:url(https:\/\/dev.optiweb.com\/wp-content\/uploads\/2020\/06\/84-reference-Pikapolonica.jpg)\"><\/div><\/div><\/div>\n<\/div><\/section>\n<\/div><\/div>\n<\/div>\n<div id='o-nas'  class='av-layout-grid-container entry-content-wrapper main_color av-flex-cells     avia-builder-el-47  el_after_av_layout_row  el_before_av_section  textimgsection imgright submenu-not-first container_wrap fullsize' style=' '  >\n<div class=\"flex_cell no_margin av_one_half  avia-builder-el-48  el_before_av_cell_one_half  avia-builder-el-first   av-zero-padding \" style='vertical-align:top; padding:0px; '><div class='flex_cell_inner' ><section class=\"av_textblock_section \"  itemscope=\"itemscope\" itemtype=\"https:\/\/schema.org\/CreativeWork\" ><div class='avia_textblock  '   itemprop=\"text\" ><h2>Testiranje uporabnosti<\/h2>\n<\/div><\/section><br \/>\n<section class=\"av_textblock_section \"  itemscope=\"itemscope\" itemtype=\"https:\/\/schema.org\/CreativeWork\" ><div class='avia_textblock  '   itemprop=\"text\" ><p>Mnogo testiranj lahko naredimo na\u010drtovalci, oblikovalci in programerji sami. Predvsem tehni\u010dnih, da spletno mesto odli\u010dno, hitro in brez napak deluje na vseh brskalnikih, operacijskih sistemih in napravah.<\/p>\n<p>Vendar uporabni\u0161ko oziroma nakupno izku\u0161njo lahko najbol u\u010dinkovito preverimo le s pravimi uporabniki, predstavniki ciljnih skupin.<\/p>\n<\/div><\/section><\/p>\n<\/div><\/div><div class=\"flex_cell no_margin av_one_half  avia-builder-el-51  el_after_av_cell_one_half  avia-builder-el-last   av-zero-padding \" style='vertical-align:top; padding:0px; '><div class='flex_cell_inner' ><div  class='avia-image-container  av-styling-    avia-builder-el-52  avia-builder-el-no-sibling  overlayedimg invalid-custom-class-found avia-align-center '  itemprop=\"image\" itemscope=\"itemscope\" itemtype=\"https:\/\/schema.org\/ImageObject\"  ><div class='avia-image-container-inner'><div class='avia-image-overlay-wrap'><img class='avia_image' src='https:\/\/dev.optiweb.com\/wp-content\/uploads\/2020\/05\/9-Testiranje-uporabnosti.jpg' alt='Testiranje uporabnosti' title='9-Testiranje-uporabnosti' height=\"620\" width=\"1015\"  itemprop=\"thumbnailUrl\"  \/><\/div><\/div><\/div>\n<\/div><\/div>\n<\/div>\n<div id='kategorije-front'  class='avia-section main_color avia-section-default avia-no-shadow avia-bg-style-scroll  avia-builder-el-53  el_after_av_layout_row  avia-builder-el-last  borderedsections  container_wrap fullsize' style=' '  ><div class='container' ><div class='template-page content  av-content-full alpha units'><div class='post-entry post-entry-type-page post-entry-41648'><div class='entry-content-wrapper clearfix'>\n<div class=\"flex_column av_one_full  flex_column_div av-zero-column-padding first  avia-builder-el-54  avia-builder-el-no-sibling  \" style='border-radius:0px; '><section class=\"av_textblock_section \"  itemscope=\"itemscope\" itemtype=\"https:\/\/schema.org\/CreativeWork\" ><div class='avia_textblock fw '   itemprop=\"text\" ><h2 style=\"text-align: center;\">Kako vam lahko pomagamo<\/h2>\n<\/div><\/section><br \/>\n<section class=\"av_textblock_section \"  itemscope=\"itemscope\" itemtype=\"https:\/\/schema.org\/CreativeWork\" ><div class='avia_textblock  '   itemprop=\"text\" ><div class=\"storitvewrap floatme borderedsections\"><a class=\"av_one_third\" href=\"https:\/\/dev.optiweb.com\/sl\/zacnimo-projekt\/\"><div class=\"storitevicon\"><img class=\"style-svg\" src=\"https:\/\/dev.optiweb.com\/wp-content\/uploads\/2020\/05\/2-UX-UI-1.svg\"><\/div><div class=\"storitevnaslov\">UX ali UI novega spletnega mesta<\/div><div class=\"storitevopis\"><p>Pomagamo vam pri na\u010drtovanju va\u0161ega novega spletnega mesta (<span style=\"font-weight: bold;\">spletna uporabnost &#8211; UX<\/span>) ali pa le-tega oble\u010demo v novo vizualno podobo (<span style=\"font-weight: bold;\">oblikovanje &#8211; UI<\/span>).<\/p>\n<\/div><div class=\"linkstoritev\">Naro\u010dite novo spletno mesto<\/div><\/a><a class=\"av_one_third\" href=\"https:\/\/dev.optiweb.com\/sl\/cro-analiza\/\"><div class=\"storitevicon\"><img class=\"style-svg\" src=\"https:\/\/dev.optiweb.com\/wp-content\/uploads\/2020\/05\/2-UX-analiza-1.svg\"><\/div><div class=\"storitevnaslov\">UX analiza obstoje\u010dega spletnega mesta<\/div><div class=\"storitevopis\"><p>Pri UX analizi naredimo <span style=\"font-weight: bold;\">pregled uporabnosti va\u0161ega spletnega mesta<\/span>. Pregled je narejen na podlagi dobrih praks na\u010drtovanja uporabni\u0161ke izku\u0161nje.<br \/>\nUX analiza je lahko tudi del obse\u017enej\u0161e CRO analize.<\/p>\n<\/div><div class=\"linkstoritev\">Preverite<\/div><\/a><a class=\"av_one_third\" href=\"https:\/\/dev.optiweb.com\/sl\/cro-analiza\/\"><div class=\"storitevicon\"><img class=\"style-svg\" src=\"https:\/\/dev.optiweb.com\/wp-content\/uploads\/2020\/05\/2-CRO-analiza-1.svg\"><\/div><div class=\"storitevnaslov\">CRO analiza obstoje\u010dega spletnega mesta<\/div><div class=\"storitevopis\"><p>CRO analiza je celostni pregled va\u0161ega spletnega mesta. Preverimo vse <span style=\"font-weight: bold;\">od analitike do kon\u010dnih uporabnikov<\/span> s katerimi izvedemo tudi teste<\/p>\n<\/div><div class=\"linkstoritev\">Naro\u010dite svojo CRO analizo<\/div><\/a><\/div>\n<\/div><\/section><\/p><\/div>\n\n","protected":false},"excerpt":{"rendered":"","protected":false},"author":1,"featured_media":0,"parent":24266,"menu_order":0,"comment_status":"closed","ping_status":"closed","template":"template-podstoritev.php","meta":[],"_links":{"self":[{"href":"https:\/\/dev.optiweb.com\/sl\/wp-json\/wp\/v2\/pages\/41648"}],"collection":[{"href":"https:\/\/dev.optiweb.com\/sl\/wp-json\/wp\/v2\/pages"}],"about":[{"href":"https:\/\/dev.optiweb.com\/sl\/wp-json\/wp\/v2\/types\/page"}],"author":[{"embeddable":true,"href":"https:\/\/dev.optiweb.com\/sl\/wp-json\/wp\/v2\/users\/1"}],"replies":[{"embeddable":true,"href":"https:\/\/dev.optiweb.com\/sl\/wp-json\/wp\/v2\/comments?post=41648"}],"version-history":[{"count":26,"href":"https:\/\/dev.optiweb.com\/sl\/wp-json\/wp\/v2\/pages\/41648\/revisions"}],"predecessor-version":[{"id":44211,"href":"https:\/\/dev.optiweb.com\/sl\/wp-json\/wp\/v2\/pages\/41648\/revisions\/44211"}],"up":[{"embeddable":true,"href":"https:\/\/dev.optiweb.com\/sl\/wp-json\/wp\/v2\/pages\/24266"}],"wp:attachment":[{"href":"https:\/\/dev.optiweb.com\/sl\/wp-json\/wp\/v2\/media?parent=41648"}],"curies":[{"name":"wp","href":"https:\/\/api.w.org\/{rel}","templated":true}]}}