{"id":41878,"date":"2020-05-26T20:35:13","date_gmt":"2020-05-26T20:35:13","guid":{"rendered":"https:\/\/dev.optiweb.com\/?page_id=41878"},"modified":"2020-06-01T08:31:09","modified_gmt":"2020-06-01T08:31:09","slug":"cro-analiza","status":"publish","type":"page","link":"https:\/\/dev.optiweb.com\/sl\/cro-analiza\/","title":{"rendered":"CRO analiza"},"content":{"rendered":"<div id='header-storitev'  class='avia-section main_color avia-section-default avia-no-shadow avia-bg-style-scroll  avia-builder-el-0  el_before_av_section  avia-builder-el-first   container_wrap fullsize' style='background-repeat: no-repeat; background-image: url(https:\/\/dev.optiweb.com\/wp-content\/uploads\/2020\/05\/1-CRO-analiza-1030x687.jpg);background-attachment: scroll; background-position: center center;  '  data-section-bg-repeat='no-repeat'><div class='container' ><main  role=\"main\" itemprop=\"mainContentOfPage\"  class='template-page content  av-content-full alpha units'><div class='post-entry post-entry-type-page post-entry-41878'><div class='entry-content-wrapper clearfix'>\n<section class=\"av_textblock_section \"  itemscope=\"itemscope\" itemtype=\"https:\/\/schema.org\/CreativeWork\" ><div class='avia_textblock  '   itemprop=\"text\" >\n<h1>CRO analiza<\/h1>\n<p style=\"text-align: left;\">Analiza poti obiskovalcev va\u0161ega spletnega mesta in predlogi izbolj\u0161av<\/p>\n<\/div><\/section>\n\n<\/div><\/div><\/main><!-- close content main element --><\/div><\/div><div id='av_section_2'  class='avia-section main_color avia-section-default avia-no-shadow avia-bg-style-scroll  avia-builder-el-2  el_after_av_section  el_before_av_section  numberedsection ah_no_border  container_wrap fullsize' style=' '  ><div class='container' ><div class='template-page content  av-content-full alpha units'><div class='post-entry post-entry-type-page post-entry-41878'><div class='entry-content-wrapper clearfix'>\n<div class=\"flex_column av_one_full  flex_column_div av-zero-column-padding first  avia-builder-el-3  avia-builder-el-no-sibling  \" style='border-radius:0px; '><section class=\"av_textblock_section \"  itemscope=\"itemscope\" itemtype=\"https:\/\/schema.org\/CreativeWork\" ><div class='avia_textblock fw '   itemprop=\"text\" ><h2><strong>Kaj<\/strong> je CRO analiza?<\/h2>\n<\/div><\/section><br \/>\n<section class=\"av_textblock_section \"  itemscope=\"itemscope\" itemtype=\"https:\/\/schema.org\/CreativeWork\" ><div class='avia_textblock quote '   itemprop=\"text\" ><p>Preko CRO (Conversion Rate Optimization) analizamo obstoje\u010do spletno stran ter na podlagi analize predlagamo inkrementalne izbolj\u0161ave spletne strani, preko katerih dose\u017eemo ve\u010djo konverzijo na \u017eelenem cilju na spletni strani\/trgovini.<\/p>\n<\/div><\/section><\/p><\/div><\/div><\/div><\/div><!-- close content main div --><\/div><\/div><div id='prednosti'  class='avia-section main_color avia-section-default avia-no-shadow avia-bg-style-scroll  avia-builder-el-6  el_after_av_section  el_before_av_section   container_wrap fullsize' style=' '  ><div class='container' ><div class='template-page content  av-content-full alpha units'><div class='post-entry post-entry-type-page post-entry-41878'><div class='entry-content-wrapper clearfix'>\n<section class=\"av_textblock_section \"  itemscope=\"itemscope\" itemtype=\"https:\/\/schema.org\/CreativeWork\" ><div class='avia_textblock  '   itemprop=\"text\" ><h2><strong>Kaj\u00a0<\/strong>vklju\u010duje CRO analiza?<\/h2>\n<\/div><\/section>\n<section class=\"av_textblock_section \"  itemscope=\"itemscope\" itemtype=\"https:\/\/schema.org\/CreativeWork\" ><div class='avia_textblock quote '   itemprop=\"text\" ><p>V CRO analizo so vklju\u010dene naslednje analize (po potrebi in glede na specifike konkretne spletne strani\/trgovine lahko dolo\u010dene aktivnosti CRO analize prilagodimo).<\/p>\n<\/div><\/section>\n<div class=\"flex_column av_one_third  flex_column_div av-zero-column-padding first  avia-builder-el-9  el_after_av_textblock  el_before_av_one_third  column-top-margin\" style='border-radius:0px; '><p><div  class='avia-image-container  av-styling-    avia-builder-el-10  el_before_av_textblock  avia-builder-el-first  avia-align-center '  itemprop=\"image\" itemscope=\"itemscope\" itemtype=\"https:\/\/schema.org\/ImageObject\"  ><div class='avia-image-container-inner'><div class='avia-image-overlay-wrap'><img class='avia_image' src='https:\/\/dev.optiweb.com\/wp-content\/uploads\/2020\/05\/2-GA-analiza.svg' alt='GA analiza' title='2-GA-analiza'   itemprop=\"thumbnailUrl\"  \/><\/div><\/div><\/div><br \/>\n<section class=\"av_textblock_section \"  itemscope=\"itemscope\" itemtype=\"https:\/\/schema.org\/CreativeWork\" ><div class='avia_textblock  '   itemprop=\"text\" ><p><strong>Analiza Google analitike in\/ali HotJar-a<\/strong><\/p>\n<p>Preko analize podatkov, pridobljenih preko Google Analitike ter\/ali orodja HotJar, pripravimo pregled nad trenutnim obna\u0161anjem uporabnikov na spletni strani\/trgovini ter analiziramo problemati\u010dne to\u010dke (to\u010dke izhoda iz spletne strani, problemati\u010dne strani, te\u017eave na mobilni razli\u010dici, itd.).<\/p>\n<\/div><\/section><\/p><\/div><div class=\"flex_column av_one_third  flex_column_div av-zero-column-padding   avia-builder-el-12  el_after_av_one_third  el_before_av_one_third  column-top-margin\" style='border-radius:0px; '><p><div  class='avia-image-container  av-styling-    avia-builder-el-13  el_before_av_textblock  avia-builder-el-first  avia-align-center '  itemprop=\"image\" itemscope=\"itemscope\" itemtype=\"https:\/\/schema.org\/ImageObject\"  ><div class='avia-image-container-inner'><div class='avia-image-overlay-wrap'><img class='avia_image' src='https:\/\/dev.optiweb.com\/wp-content\/uploads\/2020\/05\/6-user-flow.svg' alt='' title='6-user-flow'   itemprop=\"thumbnailUrl\"  \/><\/div><\/div><\/div><br \/>\n<section class=\"av_textblock_section \"  itemscope=\"itemscope\" itemtype=\"https:\/\/schema.org\/CreativeWork\" ><div class='avia_textblock  '   itemprop=\"text\" ><p><strong>UX analiza<\/strong><\/p>\n<p>Preko UX analize pregledamo pot uporabnikov skozi spletno stran\/trgovino glede na definirano ciljno publiko <em>(buyer persone)<\/em> ter definiramo problemati\u010dne to\u010dke.<\/p>\n<\/div><\/section><\/p><\/div><div class=\"flex_column av_one_third  flex_column_div av-zero-column-padding   avia-builder-el-15  el_after_av_one_third  avia-builder-el-last  column-top-margin\" style='border-radius:0px; '><p><div  class='avia-image-container  av-styling-    avia-builder-el-16  el_before_av_textblock  avia-builder-el-first  avia-align-center '  itemprop=\"image\" itemscope=\"itemscope\" itemtype=\"https:\/\/schema.org\/ImageObject\"  ><div class='avia-image-container-inner'><div class='avia-image-overlay-wrap'><img class='avia_image' src='https:\/\/dev.optiweb.com\/wp-content\/uploads\/2020\/05\/2-SEO-analiza.svg' alt='SEO analiza' title='2-SEO-analiza'   itemprop=\"thumbnailUrl\"  \/><\/div><\/div><\/div><br \/>\n<section class=\"av_textblock_section \"  itemscope=\"itemscope\" itemtype=\"https:\/\/schema.org\/CreativeWork\" ><div class='avia_textblock  '   itemprop=\"text\" ><p><strong>SEO analiza<\/strong><\/p>\n<p>Raziskava tehni\u010dnih in vsebinskih aspektov optimizacije spletnega mesta, na podlagi katerih se definirajo predlogi za\u00a0 vsebinsko in tehni\u010dno nadgradnjo spleti\u0161\u010da. Analiza vam je v pomo\u010d, da bolje zadostite Googlovim kriterijem za umestitev strani \u010dim vi\u0161je med iskalnimi rezultati ter tako izbolj\u0161ate mo\u017enosti za pove\u010danje organskega obiska.<\/p>\n<\/div><\/section><\/p><\/div><\/div><\/div><\/div><!-- close content main div --><\/div><\/div><div id='av_section_4'  class='avia-section main_color avia-section-default avia-no-shadow avia-bg-style-scroll  avia-builder-el-18  el_after_av_section  el_before_av_slideshow_full  ah_blog_cta ah_blog_cta_mailing dark_bg  container_wrap fullsize' style=' '  ><div class='container' ><div class='template-page content  av-content-full alpha units'><div class='post-entry post-entry-type-page post-entry-41878'><div class='entry-content-wrapper clearfix'>\n<div class=\"flex_column av_one_full  flex_column_div av-zero-column-padding first  avia-builder-el-19  avia-builder-el-no-sibling  \" style='border-radius:0px; '><section class=\"av_textblock_section \"  itemscope=\"itemscope\" itemtype=\"https:\/\/schema.org\/CreativeWork\" ><div class='avia_textblock  '   itemprop=\"text\" ><p style=\"text-align: center; color: white!important;\"><strong>Smo pritegnili va\u0161o pozornost?<\/strong><br \/>\n\u017delite tudi vi vse svoje podatke kon\u010dno zbrati na enem mestu? Stopite v stik z nami ali se oglasite na kavi!<\/p>\n<\/div><\/section><br \/>\n<section class=\"av_textblock_section \"  itemscope=\"itemscope\" itemtype=\"https:\/\/schema.org\/CreativeWork\" ><div class='avia_textblock  '   itemprop=\"text\" ><p><center>\n                <div class='gf_browser_gecko gform_wrapper' id='gform_wrapper_44' ><form method='post' enctype='multipart\/form-data' target='gform_ajax_frame_44' id='gform_44'  action='\/sl\/wp-json\/wp\/v2\/pages\/41878'>\n                        <div class='gform_body'><ul id='gform_fields_44' class='gform_fields top_label form_sublabel_below description_below'><li id='field_44_4'  class='gfield gfield_contains_required field_sublabel_below field_description_below gfield_visibility_visible' ><label class='gfield_label' for='input_44_4' >Ime in Priimek<span class='gfield_required'>*<\/span><\/label><div class='ginput_container ginput_container_text'><input name='input_4' id='input_44_4' type='text' value='' class='medium'    placeholder='Ime in Priimek' aria-required=\"true\" aria-invalid=\"false\" \/><\/div><\/li><li id='field_44_3'  class='gfield field_sublabel_below field_description_below gfield_visibility_visible' ><label class='gfield_label' for='input_44_3' >Telefonska \u0161tevilka<\/label><div class='ginput_container ginput_container_text'><input name='input_3' id='input_44_3' type='text' value='' class='medium'    placeholder='Telefonska \u0161tevilka'  aria-invalid=\"false\" \/><\/div><\/li><li id='field_44_1'  class='gfield gfield_contains_required field_sublabel_below field_description_below gfield_visibility_visible' ><label class='gfield_label' for='input_44_1' >Email<span class='gfield_required'>*<\/span><\/label><div class='ginput_container ginput_container_email'>\n                            <input name='input_1' id='input_44_1' type='text' value='' class='medium'   placeholder='Email' aria-required=\"true\" aria-invalid=\"false\" \/>\n                        <\/div><\/li><li id='field_44_5'  class='gfield field_sublabel_below field_description_below gfield_visibility_visible' ><label class='gfield_label' for='input_44_5' >Podjetje<\/label><div class='ginput_container ginput_container_text'><input name='input_5' id='input_44_5' type='text' value='' class='medium'    placeholder='Podjetje'  aria-invalid=\"false\" \/><\/div><\/li>\n                            <\/ul><\/div>\n        <div class='gform_footer top_label'> <input type='submit' id='gform_submit_button_44' class='gform_button button' value='Submit'  onclick='if(window[\"gf_submitting_44\"]){return false;}  window[\"gf_submitting_44\"]=true;  ' onkeypress='if( event.keyCode == 13 ){ if(window[\"gf_submitting_44\"]){return false;} window[\"gf_submitting_44\"]=true;  jQuery(\"#gform_44\").trigger(\"submit\",[true]); }' \/> <input type='hidden' name='gform_ajax' value='form_id=44&amp;title=&amp;description=&amp;tabindex=0' \/>\n            <input type='hidden' class='gform_hidden' name='is_submit_44' value='1' \/>\n            <input type='hidden' class='gform_hidden' name='gform_submit' value='44' \/>\n            \n            <input type='hidden' class='gform_hidden' name='gform_unique_id' value='' \/>\n            <input type='hidden' class='gform_hidden' name='state_44' value='WyJbXSIsIjMyY2Y3NDEyZjg0ZmZiNzZhZjE4OGZkYWZmOGQ2MzhmIl0=' \/>\n            <input type='hidden' class='gform_hidden' name='gform_target_page_number_44' id='gform_target_page_number_44' value='0' \/>\n            <input type='hidden' class='gform_hidden' name='gform_source_page_number_44' id='gform_source_page_number_44' value='1' \/>\n            <input type='hidden' name='gform_field_values' value='' \/>\n            \n        <\/div>\n                        <\/form>\n                        <\/div>\n                <iframe style='display:none;width:0px;height:0px;' src='about:blank' name='gform_ajax_frame_44' id='gform_ajax_frame_44'>This iframe contains the logic required to handle Ajax powered Gravity Forms.<\/iframe>\n                <script type='text\/javascript'>jQuery(document).ready(function($){gformInitSpinner( 44, 'https:\/\/dev.optiweb.com\/wp-content\/plugins\/gravityforms\/images\/spinner.gif' );jQuery('#gform_ajax_frame_44').on('load',function(){var contents = jQuery(this).contents().find('*').html();var is_postback = contents.indexOf('GF_AJAX_POSTBACK') >= 0;if(!is_postback){return;}var form_content = jQuery(this).contents().find('#gform_wrapper_44');var is_confirmation = jQuery(this).contents().find('#gform_confirmation_wrapper_44').length > 0;var is_redirect = contents.indexOf('gformRedirect(){') >= 0;var is_form = form_content.length > 0 && ! is_redirect && ! is_confirmation;var mt = parseInt(jQuery('html').css('margin-top'), 10) + parseInt(jQuery('body').css('margin-top'), 10) + 100;if(is_form){jQuery('#gform_wrapper_44').html(form_content.html());if(form_content.hasClass('gform_validation_error')){jQuery('#gform_wrapper_44').addClass('gform_validation_error');} else {jQuery('#gform_wrapper_44').removeClass('gform_validation_error');}setTimeout( function() { \/* delay the scroll by 50 milliseconds to fix a bug in chrome *\/  }, 50 );if(window['gformInitDatepicker']) {gformInitDatepicker();}if(window['gformInitPriceFields']) {gformInitPriceFields();}var current_page = jQuery('#gform_source_page_number_44').val();gformInitSpinner( 44, 'https:\/\/dev.optiweb.com\/wp-content\/plugins\/gravityforms\/images\/spinner.gif' );jQuery(document).trigger('gform_page_loaded', [44, current_page]);window['gf_submitting_44'] = false;}else if(!is_redirect){var confirmation_content = jQuery(this).contents().find('.GF_AJAX_POSTBACK').html();if(!confirmation_content){confirmation_content = contents;}setTimeout(function(){jQuery('#gform_wrapper_44').replaceWith(confirmation_content);jQuery(document).trigger('gform_confirmation_loaded', [44]);window['gf_submitting_44'] = false;}, 50);}else{jQuery('#gform_44').append(contents);if(window['gformRedirect']) {gformRedirect();}}jQuery(document).trigger('gform_post_render', [44, current_page]);} );} );<\/script><script type='text\/javascript'> jQuery(document).bind('gform_post_render', function(event, formId, currentPage){if(formId == 44) {if(typeof Placeholders != 'undefined'){\n                        Placeholders.enable();\n                    }} } );jQuery(document).bind('gform_post_conditional_logic', function(event, formId, fields, isInit){} );<\/script><script type='text\/javascript'> jQuery(document).ready(function(){jQuery(document).trigger('gform_post_render', [44, 1]) } ); <\/script><\/center><\/p>\n<\/div><\/section><\/p><\/div>\n<\/p>\n<\/div><\/div><\/div><!-- close content main div --><\/div><\/div><div id='full_slider_1'  class='avia-fullwidth-slider main_color avia-shadow   avia-builder-el-22  el_after_av_section  avia-builder-el-last   slider-not-first container_wrap fullsize' style=' '  ><\/div>\n","protected":false},"excerpt":{"rendered":"","protected":false},"author":1,"featured_media":39789,"parent":0,"menu_order":0,"comment_status":"closed","ping_status":"closed","template":"template-podstoritev.php","meta":[],"_links":{"self":[{"href":"https:\/\/dev.optiweb.com\/sl\/wp-json\/wp\/v2\/pages\/41878"}],"collection":[{"href":"https:\/\/dev.optiweb.com\/sl\/wp-json\/wp\/v2\/pages"}],"about":[{"href":"https:\/\/dev.optiweb.com\/sl\/wp-json\/wp\/v2\/types\/page"}],"author":[{"embeddable":true,"href":"https:\/\/dev.optiweb.com\/sl\/wp-json\/wp\/v2\/users\/1"}],"replies":[{"embeddable":true,"href":"https:\/\/dev.optiweb.com\/sl\/wp-json\/wp\/v2\/comments?post=41878"}],"version-history":[{"count":5,"href":"https:\/\/dev.optiweb.com\/sl\/wp-json\/wp\/v2\/pages\/41878\/revisions"}],"predecessor-version":[{"id":42039,"href":"https:\/\/dev.optiweb.com\/sl\/wp-json\/wp\/v2\/pages\/41878\/revisions\/42039"}],"wp:featuredmedia":[{"embeddable":true,"href":"https:\/\/dev.optiweb.com\/sl\/wp-json\/wp\/v2\/media\/39789"}],"wp:attachment":[{"href":"https:\/\/dev.optiweb.com\/sl\/wp-json\/wp\/v2\/media?parent=41878"}],"curies":[{"name":"wp","href":"https:\/\/api.w.org\/{rel}","templated":true}]}}